{"id":148,"date":"2025-10-01T10:49:51","date_gmt":"2025-10-01T10:49:51","guid":{"rendered":"https:\/\/familieundbildungworb.ch\/?page_id=148"},"modified":"2026-02-08T22:25:27","modified_gmt":"2026-02-08T22:25:27","slug":"angebote","status":"publish","type":"page","link":"https:\/\/familieundbildungworb.ch\/?page_id=148","title":{"rendered":"Angebot"},"content":{"rendered":"<p>[et_pb_section fb_built=&#8220;1&#8243; admin_label=&#8220;Features&#8220; _builder_version=&#8220;4.16&#8243; background_color=&#8220;#f8fbfe&#8220; custom_padding=&#8220;100px|0px|100px|0px&#8220; global_colors_info=&#8220;{}&#8220;][et_pb_row admin_label=&#8220;Tittle&#8220; _builder_version=&#8220;4.16&#8243; custom_margin=&#8220;-80px||||false|false&#8220; global_colors_info=&#8220;{}&#8220;][et_pb_column type=&#8220;4_4&#8243; _builder_version=&#8220;4.16&#8243; custom_padding=&#8220;|||&#8220; global_colors_info=&#8220;{}&#8220; custom_padding__hover=&#8220;|||&#8220;][et_pb_text _builder_version=&#8220;4.27.4&#8243; _module_preset=&#8220;default&#8220; text_font=&#8220;Verdana|600|||||||&#8220; text_font_size=&#8220;35px&#8220; text_letter_spacing=&#8220;2px&#8220; text_line_height=&#8220;1.8em&#8220; global_colors_info=&#8220;{}&#8220;]<\/p>\n<p style=\"text-align: center;\">\u00a0Angebote<\/p>\n<p>[\/et_pb_text][\/et_pb_column][\/et_pb_row][et_pb_row column_structure=&#8220;1_3,1_3,1_3&#8243; use_custom_gutter=&#8220;on&#8220; gutter_width=&#8220;2&#8243; make_equal=&#8220;on&#8220; admin_label=&#8220;Features Row&#8220; _builder_version=&#8220;4.27.4&#8243; custom_padding=&#8220;0.75%||0.75%|&#8220; global_colors_info=&#8220;{}&#8220;][et_pb_column type=&#8220;1_3&#8243; _builder_version=&#8220;4.16&#8243; background_color_gradient_direction=&#8220;243deg&#8220; custom_padding=&#8220;|||&#8220; global_colors_info=&#8220;{}&#8220; custom_padding__hover=&#8220;|||&#8220;][et_pb_blurb title=&#8220;Mutter-Kind-Gruppe f\u00fcr Migrantinnen mit Kindern von 0 \u2013 6 Jahre&#8220; url=&#8220;https:\/\/familieundbildungworb.ch\/?page_id=184&#8243; use_icon=&#8220;on&#8220; font_icon=&#8220;&#xe0a1;||divi||400&#8243; icon_color=&#8220;#535B7C&#8220; image_icon_width=&#8220;38px&#8220; _builder_version=&#8220;4.27.5&#8243; header_font=&#8220;Verdana|600|||||||&#8220; header_text_color=&#8220;#000000&#8243; header_line_height=&#8220;1.4em&#8220; body_font=&#8220;Verdana||||||||&#8220; body_text_color=&#8220;#000000&#8243; body_font_size=&#8220;16px&#8220; background_color=&#8220;#ffffff&#8220; text_orientation=&#8220;center&#8220; min_height=&#8220;449.4px&#8220; custom_margin=&#8220;|||&#8220; custom_padding=&#8220;54px|20px|60px|20px&#8220; animation_style=&#8220;zoom&#8220; animation_intensity_zoom=&#8220;5%&#8220; link_option_url=&#8220;https:\/\/familieundbildungworb.ch\/?page_id=184&#8243; border_radii=&#8220;on|4px|4px|4px|4px&#8220; border_color_all=&#8220;#1e1584&#8243; border_width_top=&#8220;6px&#8220; box_shadow_style=&#8220;preset3&#8243; box_shadow_color=&#8220;rgba(34,56,101,0.12)&#8220; icon_font_size=&#8220;38px&#8220; global_colors_info=&#8220;{}&#8220;]<\/p>\n<p>Den M\u00fcttern wird Erziehungs- und Entwicklungswissen sowie Tipps zur praktischen Umsetzung im Bereich der F\u00f6rderung von Kindern vermittelt.<\/p>\n<p style=\"text-align: left;\"><strong>Mehr &gt;&gt;<\/strong><\/p>\n<p>[\/et_pb_blurb][\/et_pb_column][et_pb_column type=&#8220;1_3&#8243; _builder_version=&#8220;4.16&#8243; background_color_gradient_direction=&#8220;243deg&#8220; custom_padding=&#8220;|||&#8220; global_colors_info=&#8220;{}&#8220; custom_padding__hover=&#8220;|||&#8220;][et_pb_blurb title=&#8220;ElternKind-Caf\u00e9 &#8220; url=&#8220;https:\/\/familieundbildungworb.ch\/?page_id=190&#8243; use_icon=&#8220;on&#8220; font_icon=&#8220;&#xf0f4;||fa||900&#8243; icon_color=&#8220;#535B7C&#8220; image_icon_width=&#8220;38px&#8220; _builder_version=&#8220;4.27.4&#8243; header_font=&#8220;Verdana|600|||||||&#8220; header_text_color=&#8220;#000000&#8243; header_line_height=&#8220;1.4em&#8220; body_font=&#8220;Verdana||||||||&#8220; body_text_color=&#8220;#000000&#8243; body_font_size=&#8220;16px&#8220; background_color=&#8220;#ffffff&#8220; text_orientation=&#8220;center&#8220; min_height=&#8220;448.8px&#8220; custom_margin=&#8220;||14px|||&#8220; custom_padding=&#8220;54px|20px|60px|20px&#8220; animation_style=&#8220;zoom&#8220; animation_intensity_zoom=&#8220;5%&#8220; link_option_url=&#8220;https:\/\/familieundbildungworb.ch\/?page_id=190&#8243; border_radii=&#8220;on|4px|4px|4px|4px&#8220; border_color_all=&#8220;#7CDA24&#8243; border_width_top=&#8220;6px&#8220; box_shadow_style=&#8220;preset3&#8243; box_shadow_color=&#8220;rgba(34,56,101,0.12)&#8220; icon_font_size=&#8220;38px&#8220; global_colors_info=&#8220;{}&#8220;]<\/p>\n<p>Im ElternKind-Caf\u00e9 von Chindernetz haben Eltern Gelegenheit unter fachlicher Anleitung miteinander \u00fcber Erziehungsthemen auszutauschen. Die Kinder spielen unter Begleitung einer Spielgruppenleiterin mit vorbereiteten Materialien.<\/p>\n<p style=\"text-align: left;\"><strong>Mehr &gt;&gt;<\/strong><\/p>\n<p>[\/et_pb_blurb][\/et_pb_column][et_pb_column type=&#8220;1_3&#8243; _builder_version=&#8220;4.16&#8243; background_color_gradient_direction=&#8220;243deg&#8220; custom_padding=&#8220;|||&#8220; global_colors_info=&#8220;{}&#8220; custom_padding__hover=&#8220;|||&#8220;][et_pb_blurb title=&#8220;Kursmodule f\u00fcr Eltern mit Migrationserfahrung&#8220; url=&#8220;https:\/\/familieundbildungworb.ch\/?page_id=195&#8243; use_icon=&#8220;on&#8220; font_icon=&#8220;&#xf501;||fa||900&#8243; icon_color=&#8220;#535B7C&#8220; image_icon_width=&#8220;38px&#8220; _builder_version=&#8220;4.27.4&#8243; header_font=&#8220;Verdana|600|||||||&#8220; header_text_color=&#8220;#000000&#8243; header_line_height=&#8220;1.4em&#8220; body_font=&#8220;Verdana||||||||&#8220; body_text_color=&#8220;#000000&#8243; body_font_size=&#8220;16px&#8220; background_color=&#8220;#ffffff&#8220; text_orientation=&#8220;center&#8220; min_height=&#8220;447.8px&#8220; custom_margin=&#8220;|||&#8220; custom_padding=&#8220;54px|20px|28px|20px||&#8220; animation_style=&#8220;zoom&#8220; animation_intensity_zoom=&#8220;5%&#8220; link_option_url=&#8220;https:\/\/familieundbildungworb.ch\/?page_id=195&#8243; border_radii=&#8220;on|4px|4px|4px|4px&#8220; border_color_all=&#8220;#b030db&#8220; border_width_top=&#8220;6px&#8220; box_shadow_style=&#8220;preset3&#8243; box_shadow_color=&#8220;rgba(34,56,101,0.12)&#8220; icon_font_size=&#8220;38px&#8220; global_colors_info=&#8220;{}&#8220;]<\/p>\n<p>Elternbildung von Migrantinnen f\u00fcr Migrant:innen. Qualifizierte Migrantinnen<em> von <\/em>famira f\u00fchren zusammen mit FaBiWorb in Worb Kursmodule zu den Themen Schulsystem, Freizeit und Berufswahlsystem durch. <strong><\/strong><\/p>\n<p style=\"text-align: left;\"><strong>Mehr &gt;&gt;<\/strong><\/p>\n<p>[\/et_pb_blurb][\/et_pb_column][\/et_pb_row][et_pb_row column_structure=&#8220;1_3,1_3,1_3&#8243; use_custom_gutter=&#8220;on&#8220; gutter_width=&#8220;2&#8243; make_equal=&#8220;on&#8220; admin_label=&#8220;Features Row&#8220; _builder_version=&#8220;4.27.4&#8243; custom_padding=&#8220;0.75%||0.75%|&#8220; global_colors_info=&#8220;{}&#8220;][et_pb_column type=&#8220;1_3&#8243; _builder_version=&#8220;4.16&#8243; background_color_gradient_direction=&#8220;243deg&#8220; custom_padding=&#8220;|||&#8220; global_colors_info=&#8220;{}&#8220; custom_padding__hover=&#8220;|||&#8220;][et_pb_blurb title=&#8220;MitSpielplatz &#8220; url=&#8220;https:\/\/familieundbildungworb.ch\/?page_id=200&#8243; use_icon=&#8220;on&#8220; font_icon=&#8220;&#xf45f;||fa||900&#8243; icon_color=&#8220;#535B7C&#8220; image_icon_width=&#8220;38px&#8220; _builder_version=&#8220;4.27.5&#8243; header_font=&#8220;Verdana|600|||||||&#8220; header_text_color=&#8220;#000000&#8243; header_line_height=&#8220;1.4em&#8220; body_font=&#8220;Verdana||||||||&#8220; body_text_color=&#8220;#000000&#8243; body_font_size=&#8220;16px&#8220; background_color=&#8220;#ffffff&#8220; text_orientation=&#8220;center&#8220; min_height=&#8220;454.2px&#8220; custom_margin=&#8220;||26px|||&#8220; custom_padding=&#8220;54px|20px|60px|20px&#8220; animation_style=&#8220;zoom&#8220; animation_intensity_zoom=&#8220;5%&#8220; link_option_url=&#8220;https:\/\/familieundbildungworb.ch\/?page_id=200&#8243; hover_enabled=&#8220;0&#8243; border_radii=&#8220;on|4px|4px|4px|4px&#8220; border_color_all=&#8220;#37d6bb&#8220; border_width_top=&#8220;6px&#8220; box_shadow_style=&#8220;preset3&#8243; box_shadow_color=&#8220;rgba(34,56,101,0.12)&#8220; icon_font_size=&#8220;38px&#8220; global_colors_info=&#8220;{}&#8220; sticky_enabled=&#8220;0&#8243;]<\/p>\n<p>Freies Spielen und Herumtoben ist f\u00fcr Kinder kaum noch m\u00f6glich, dabei w\u00e4re es so wichtig, dass Kinder ausprobieren k\u00f6nnen, Grenzen erkennen und Freude und \u00c4rger in der Gemeinschaft erfahren.<\/p>\n<p style=\"text-align: right;\"><strong>\u00a0 \u00a0 \u00a0 \u00a0 \u00a0 \u00a0 \u00a0 \u00a0<\/strong><\/p>\n<p style=\"text-align: left;\"><strong>Mehr &gt;&gt; \u00a0 \u00a0 \u00a0 \u00a0 \u00a0 \u00a0 \u00a0 \u00a0 \u00a0 \u00a0 \u00a0 \u00a0 \u00a0 \u00a0 \u00a0 \u00a0 \u00a0 \u00a0 \u00a0\u00a0<\/strong><\/p>\n<p>[\/et_pb_blurb][\/et_pb_column][et_pb_column type=&#8220;1_3&#8243; _builder_version=&#8220;4.16&#8243; background_color_gradient_direction=&#8220;243deg&#8220; custom_padding=&#8220;|||&#8220; global_colors_info=&#8220;{}&#8220; custom_padding__hover=&#8220;|||&#8220;][et_pb_blurb title=&#8220;Schweizer Vorlesetag und Erz\u00e4hlnacht&#8220; url=&#8220;https:\/\/familieundbildungworb.ch\/?page_id=205&#8243; use_icon=&#8220;on&#8220; font_icon=&#8220;&#xf5da;||fa||900&#8243; icon_color=&#8220;#535B7C&#8220; image_icon_width=&#8220;38px&#8220; _builder_version=&#8220;4.27.4&#8243; header_font=&#8220;Verdana|600|||||||&#8220; header_text_color=&#8220;#000000&#8243; header_line_height=&#8220;1.4em&#8220; body_font=&#8220;Verdana||||||||&#8220; body_text_color=&#8220;#000000&#8243; body_font_size=&#8220;16px&#8220; background_color=&#8220;#ffffff&#8220; text_orientation=&#8220;center&#8220; min_height=&#8220;333.6px&#8220; custom_margin=&#8220;|||&#8220; custom_padding=&#8220;54px|20px|60px|20px&#8220; animation_style=&#8220;zoom&#8220; animation_intensity_zoom=&#8220;5%&#8220; link_option_url=&#8220;https:\/\/familieundbildungworb.ch\/?page_id=205&#8243; border_radii=&#8220;on|4px|4px|4px|4px&#8220; border_color_all=&#8220;#1e1584&#8243; border_width_top=&#8220;6px&#8220; box_shadow_style=&#8220;preset3&#8243; box_shadow_color=&#8220;rgba(34,56,101,0.12)&#8220; icon_font_size=&#8220;38px&#8220; global_colors_info=&#8220;{}&#8220;]<\/p>\n<p>Mit Kindern lesen (Geschichten, Reime, Verse und Lieder) f\u00f6rdert die Zweisamkeit mit der Bezugsperson, die m\u00fcndliche Sprachentwicklung wird gef\u00f6rdert, der Wortschatz erweitert und Kinder werden motiviert, selber zu lesen.<\/p>\n<p style=\"text-align: left;\"><strong>Mehr &gt;&gt;<\/strong><\/p>\n<p>[\/et_pb_blurb][\/et_pb_column][et_pb_column type=&#8220;1_3&#8243; _builder_version=&#8220;4.16&#8243; background_color_gradient_direction=&#8220;243deg&#8220; custom_padding=&#8220;|||&#8220; global_colors_info=&#8220;{}&#8220; custom_padding__hover=&#8220;|||&#8220;][et_pb_blurb title=&#8220;Informationen einmal anders&#8220; url=&#8220;https:\/\/familieundbildungworb.ch\/?page_id=210&#8243; use_icon=&#8220;on&#8220; font_icon=&#8220;&#xe605;||divi||400&#8243; icon_color=&#8220;#535B7C&#8220; image_icon_width=&#8220;38px&#8220; _builder_version=&#8220;4.27.4&#8243; header_font=&#8220;Verdana|600|||||||&#8220; header_text_color=&#8220;#000000&#8243; header_line_height=&#8220;1.4em&#8220; body_font=&#8220;Verdana||||||||&#8220; body_text_color=&#8220;#000000&#8243; body_font_size=&#8220;16px&#8220; background_color=&#8220;#ffffff&#8220; text_orientation=&#8220;center&#8220; min_height=&#8220;333.6px&#8220; custom_margin=&#8220;|||&#8220; custom_padding=&#8220;54px|20px|74px|20px||&#8220; animation_style=&#8220;zoom&#8220; animation_intensity_zoom=&#8220;5%&#8220; link_option_url=&#8220;https:\/\/familieundbildungworb.ch\/?page_id=210&#8243; border_radii=&#8220;on|4px|4px|4px|4px&#8220; border_color_all=&#8220;#E09900&#8243; border_width_top=&#8220;6px&#8220; box_shadow_style=&#8220;preset3&#8243; box_shadow_color=&#8220;rgba(34,56,101,0.12)&#8220; icon_font_size=&#8220;38px&#8220; global_colors_info=&#8220;{}&#8220;]<\/p>\n<p>Informationsvermittlung auf dem Spielplatz. Eltern mit Migrationshintergrund wie auch Eltern aus sozial schw\u00e4cheren Schichten werden nur schwer \u00fcber die normalen Informationskan\u00e4le erreicht.<\/p>\n<p style=\"text-align: left;\"><strong>Mehr &gt;&gt;<\/strong><\/p>\n<p style=\"text-align: left;\">[\/et_pb_blurb][\/et_pb_column][\/et_pb_row][\/et_pb_section]<\/p>\n","protected":false},"excerpt":{"rendered":"<p>\u00a0AngeboteDen M\u00fcttern wird Erziehungs- und Entwicklungswissen sowie Tipps zur praktischen Umsetzung im Bereich der F\u00f6rderung von Kindern vermittelt. Mehr &gt;&gt;Im ElternKind-Caf\u00e9 von Chindernetz haben Eltern Gelegenheit unter fachlicher Anleitung miteinander \u00fcber Erziehungsthemen auszutauschen. Die Kinder spielen unter Begleitung einer Spielgruppenleiterin mit vorbereiteten Materialien. Mehr &gt;&gt;Elternbildung von Migrantinnen f\u00fcr Migrant:innen. Qualifizierte Migrantinnen von famira f\u00fchren zusammen [&hellip;]<\/p>\n","protected":false},"author":2,"featured_media":0,"parent":0,"menu_order":0,"comment_status":"closed","ping_status":"closed","template":"","meta":{"_et_pb_use_builder":"on","_et_pb_old_content":"<!-- wp:divi\/placeholder \/-->","_et_gb_content_width":"","footnotes":""},"class_list":["post-148","page","type-page","status-publish","hentry"],"_links":{"self":[{"href":"https:\/\/familieundbildungworb.ch\/index.php?rest_route=\/wp\/v2\/pages\/148","targetHints":{"allow":["GET"]}}],"collection":[{"href":"https:\/\/familieundbildungworb.ch\/index.php?rest_route=\/wp\/v2\/pages"}],"about":[{"href":"https:\/\/familieundbildungworb.ch\/index.php?rest_route=\/wp\/v2\/types\/page"}],"author":[{"embeddable":true,"href":"https:\/\/familieundbildungworb.ch\/index.php?rest_route=\/wp\/v2\/users\/2"}],"replies":[{"embeddable":true,"href":"https:\/\/familieundbildungworb.ch\/index.php?rest_route=%2Fwp%2Fv2%2Fcomments&post=148"}],"version-history":[{"count":23,"href":"https:\/\/familieundbildungworb.ch\/index.php?rest_route=\/wp\/v2\/pages\/148\/revisions"}],"predecessor-version":[{"id":780,"href":"https:\/\/familieundbildungworb.ch\/index.php?rest_route=\/wp\/v2\/pages\/148\/revisions\/780"}],"wp:attachment":[{"href":"https:\/\/familieundbildungworb.ch\/index.php?rest_route=%2Fwp%2Fv2%2Fmedia&parent=148"}],"curies":[{"name":"wp","href":"https:\/\/api.w.org\/{rel}","templated":true}]}}