{"id":184,"date":"2025-09-26T18:17:12","date_gmt":"2025-09-26T18:17:12","guid":{"rendered":"https:\/\/familieundbildungworb.ch\/?page_id=184"},"modified":"2026-02-08T22:14:30","modified_gmt":"2026-02-08T22:14:30","slug":"mutter-kind-gruppe-fuer-migrantinnen","status":"publish","type":"page","link":"https:\/\/familieundbildungworb.ch\/?page_id=184","title":{"rendered":"Mutter-Kind-Gruppe f\u00fcr Migrantinnen"},"content":{"rendered":"<p>[et_pb_section fb_built=&#8220;1&#8243; admin_label=&#8220;Features&#8220; _builder_version=&#8220;4.16&#8243; background_color=&#8220;#f8fbfe&#8220; custom_padding=&#8220;100px|0px|100px|0px&#8220; global_colors_info=&#8220;{}&#8220;][et_pb_row use_custom_gutter=&#8220;on&#8220; gutter_width=&#8220;2&#8243; admin_label=&#8220;Features Row&#8220; _builder_version=&#8220;4.16&#8243; custom_margin=&#8220;-25px||||false|false&#8220; custom_padding=&#8220;0%||0%||false|false&#8220; global_colors_info=&#8220;{}&#8220;][et_pb_column type=&#8220;4_4&#8243; _builder_version=&#8220;4.16&#8243; background_color_gradient_direction=&#8220;243deg&#8220; custom_padding=&#8220;|||&#8220; global_colors_info=&#8220;{}&#8220; custom_padding__hover=&#8220;|||&#8220;][et_pb_blurb title=&#8220;Mutter-Kind-Gruppe f\u00fcr Migrantinnen mit Kindern von 0 \u2013 6 Jahre&#8220; use_icon=&#8220;on&#8220; font_icon=&#8220;&#xe0a1;||divi||400&#8243; icon_color=&#8220;#535B7C&#8220; image_icon_width=&#8220;40px&#8220; content_max_width=&#8220;800px&#8220; _builder_version=&#8220;4.27.5&#8243; header_font=&#8220;Verdana|600|||||||&#8220; header_text_color=&#8220;#000000&#8243; header_line_height=&#8220;1.4em&#8220; body_font=&#8220;Verdana||||||||&#8220; body_text_color=&#8220;#000000&#8243; body_font_size=&#8220;16px&#8220; background_color=&#8220;#ffffff&#8220; text_orientation=&#8220;center&#8220; custom_margin=&#8220;|||&#8220; custom_padding=&#8220;54px|20px|60px|20px&#8220; animation_style=&#8220;zoom&#8220; animation_intensity_zoom=&#8220;5%&#8220; hover_enabled=&#8220;0&#8243; border_radii=&#8220;on|4px|4px|4px|4px&#8220; border_color_all=&#8220;#1e1584&#8243; border_width_top=&#8220;6px&#8220; box_shadow_style=&#8220;preset3&#8243; box_shadow_color=&#8220;rgba(34,56,101,0.12)&#8220; icon_font_size=&#8220;32px&#8220; global_colors_info=&#8220;{}&#8220; sticky_enabled=&#8220;0&#8243;]<\/p>\n<p style=\"text-align: left;\">Den M\u00fcttern wird Erziehungs- und Entwicklungswissen sowie Tipps zur praktischen Umsetzung im Bereich der F\u00f6rderung von Kindern vermittelt. Die Selbstsicherheit der M\u00fctter wird gef\u00f6rdert und sie lernen, wie sie eine gute Beziehung zum eigenen Kind aufbauen und diese gestalten k\u00f6nnen. Der Austausch zwischen den M\u00fcttern wird gef\u00f6rdert. Sie werden in Erziehungsfragen beraten und \u00fcber weitere Erziehungsangebote und Fachstellen sowie weitere soziale Organisationen informiert. Das Angebot findet 3x pro Monat statt wovon 1x mit Schwerpunkt kreatives Gestalten (4. Mal Eltern-Kind-Caf\u00e9 im Coop von Chindernetz). 5 \u2013 6 pro Jahr wird zus\u00e4tzlich eine Institution im Fr\u00fchf\u00f6rderungsbereich besucht. Termine nach Vereinbarung.<\/p>\n<p><em>\u00a0<\/em><\/p>\n<p style=\"text-align: left;\"><strong>Wann\u00a0 \u00a0 \u00a0 \u00a0 \u00a0 \u00a0 <\/strong>\u00a0 \u00a014.1., 21.1., 4.2., 11.2., 18.2., 4.3., 11.3., 18.3., 1.4., 29.4., 6.5., 13.5., 20.5.,\u00a0 \u00a0 \u00a0 \u00a0 \u00a0 \u00a0 \u00a0 \u00a0 \u00a0 \u00a0 \u00a0 \u00a0 \u00a0 \u00a0 \u00a0 3.6., 10.6., 17.6., 1.7.<\/p>\n<p style=\"text-align: left;\"><strong>Was \u00a0\u00a0\u00a0\u00a0\u00a0\u00a0\u00a0\u00a0\u00a0\u00a0\u00a0\u00a0\u00a0\u00a0\u00a0 <\/strong><a name=\"x_x__Hlk218682148\" data-olk-copy-source=\"MessageBody\"><\/a>\u00a0Mutter-Kind-Gruppe f\u00fcr Migrantinnen mit Kindern von 0 \u2013 6 Jahre<\/p>\n<p style=\"text-align: left;\"><strong>Wo \u00a0\u00a0\u00a0\u00a0\u00a0\u00a0\u00a0\u00a0\u00a0\u00a0\u00a0\u00a0\u00a0\u00a0\u00a0\u00a0\u00a0\u00a0 <\/strong>Magnolia, Kreuzgasse 4, Worb<\/p>\n<p style=\"text-align: left;\"><strong>Wer \u00a0\u00a0\u00a0\u00a0\u00a0\u00a0\u00a0\u00a0\u00a0\u00a0\u00a0\u00a0\u00a0\u00a0\u00a0\u00a0 <\/strong>\u015eeng\u00fcl Ata\u00e7 (FaBiWorb) und Daphn\u00e9e B\u00fcchler (Magnolia)<\/p>\n<p style=\"text-align: left;\"><strong>Kosten\u00a0\u00a0\u00a0\u00a0\u00a0\u00a0\u00a0\u00a0\u00a0\u00a0\u00a0\u00a0<\/strong> Fr. 5.\u2014 (mit KulturLegi 3.50) pro Mal, inkl. Zvieri,<\/p>\n<p style=\"text-align: left;\">\u00a0 \u00a0 \u00a0 \u00a0 \u00a0 \u00a0 \u00a0 \u00a0 \u00a0 \u00a0 \u00a0 \u00a010-er Abonnement 45.\u2014 (bzw. 32.&#8211;)<\/p>\n<p style=\"text-align: left;\"><strong>Anmeldung\u00a0 \u00a0 \u00a0 \u00a0<\/strong>erw\u00fcnscht jeweils f\u00fcr ein Quartal<\/p>\n<p style=\"text-align: left;\"><span><b data-olk-copy-source=\"MessageBody\">Kontakt\u00a0 \u00a0 \u00a0 \u00a0 \u00a0 \u00a0\u00a0<\/b>077 241 68 83,\u00a0<\/span><a href=\"mailto:sengul.atac@familieundbildungworb.ch\" data-linkindex=\"11\" title=\"mailto:sengul.atac@familieundbildungworb.ch\"><span>sengul.atac@familieundbildungworb.ch<\/span><\/a><\/p>\n<p style=\"text-align: left;\"><strong>Weitere Informationen<\/strong><\/p>\n<p style=\"text-align: left;\">Bei fehlenden finanziellen Mitteln ist eine Reduktion des Beitrages m\u00f6glich<\/p>\n<p style=\"text-align: left;\"><em>Das Angebot wird durch die Gesundheits-, Sozial- und Integrationsdirektion <span data-olk-copy-source=\"MessageBody\">sowie die bernische Stiftung Elfenau (3 Elfen helfen)<\/span> mitfinanziert. <\/em><\/p>\n<p>&nbsp;<\/p>\n<p>[\/et_pb_blurb][\/et_pb_column][\/et_pb_row][et_pb_row column_structure=&#8220;1_5,1_5,1_5,1_5,1_5&#8243; use_custom_gutter=&#8220;on&#8220; gutter_width=&#8220;2&#8243; make_equal=&#8220;on&#8220; _builder_version=&#8220;4.27.4&#8243; _module_preset=&#8220;default&#8220; width=&#8220;106%&#8220; max_width=&#8220;1317px&#8220; min_height=&#8220;343.6px&#8220; custom_padding=&#8220;||0px|||&#8220; global_colors_info=&#8220;{}&#8220;][et_pb_column type=&#8220;1_5&#8243; _builder_version=&#8220;4.27.4&#8243; _module_preset=&#8220;default&#8220; global_colors_info=&#8220;{}&#8220;][et_pb_blurb title=&#8220;ElternKind-Caf\u00e9 &#8220; url=&#8220;https:\/\/familieundbildungworb.ch\/?page_id=190&#8243; use_icon=&#8220;on&#8220; font_icon=&#8220;&#xf0f4;||fa||900&#8243; icon_color=&#8220;#535B7C&#8220; image_icon_width=&#8220;38px&#8220; _builder_version=&#8220;4.27.4&#8243; header_font=&#8220;Verdana|600|||||||&#8220; header_text_color=&#8220;#000000&#8243; header_font_size=&#8220;17px&#8220; header_line_height=&#8220;1.4em&#8220; body_font=&#8220;Verdana||||||||&#8220; body_text_color=&#8220;#000000&#8243; body_font_size=&#8220;16px&#8220; background_color=&#8220;#ffffff&#8220; text_orientation=&#8220;center&#8220; min_height=&#8220;329.8px&#8220; custom_margin=&#8220;||14px|||&#8220; custom_padding=&#8220;54px|20px|0px|20px||&#8220; animation_style=&#8220;zoom&#8220; animation_intensity_zoom=&#8220;5%&#8220; link_option_url=&#8220;https:\/\/familieundbildungworb.ch\/?page_id=190&#8243; border_radii=&#8220;on|4px|4px|4px|4px&#8220; border_color_all=&#8220;#7CDA24&#8243; border_width_top=&#8220;6px&#8220; box_shadow_style=&#8220;preset3&#8243; box_shadow_color=&#8220;rgba(34,56,101,0.12)&#8220; icon_font_size=&#8220;38px&#8220; global_colors_info=&#8220;{}&#8220;]<\/p>\n<p>&nbsp;<\/p>\n<p style=\"text-align: left;\"><strong><\/strong><\/p>\n<p style=\"text-align: left;\"><strong><\/strong><\/p>\n<p style=\"text-align: left;\"><strong><\/strong><\/p>\n<p style=\"text-align: left;\"><strong><\/strong><\/p>\n<p style=\"text-align: left;\"><strong><\/strong><\/p>\n<p style=\"text-align: left;\"><strong><\/strong><\/p>\n<p style=\"text-align: left;\"><strong><\/strong><\/p>\n<p>[\/et_pb_blurb][\/et_pb_column][et_pb_column type=&#8220;1_5&#8243; _builder_version=&#8220;4.27.4&#8243; _module_preset=&#8220;default&#8220; global_colors_info=&#8220;{}&#8220;][et_pb_blurb title=&#8220;Kursmodule f\u00fcr Eltern mit Migrationserfahrung&#8220; url=&#8220;https:\/\/familieundbildungworb.ch\/?page_id=195&#8243; use_icon=&#8220;on&#8220; font_icon=&#8220;&#xf501;||fa||900&#8243; icon_color=&#8220;#535B7C&#8220; image_icon_width=&#8220;38px&#8220; _builder_version=&#8220;4.27.4&#8243; header_font=&#8220;Verdana|600|||||||&#8220; header_text_color=&#8220;#000000&#8243; header_font_size=&#8220;16px&#8220; header_line_height=&#8220;1.4em&#8220; body_font=&#8220;Verdana||||||||&#8220; body_text_color=&#8220;#000000&#8243; body_font_size=&#8220;16px&#8220; background_color=&#8220;#ffffff&#8220; text_orientation=&#8220;center&#8220; min_height=&#8220;325.8px&#8220; custom_margin=&#8220;|||&#8220; custom_padding=&#8220;54px|20px|28px|20px||&#8220; animation_style=&#8220;zoom&#8220; animation_intensity_zoom=&#8220;5%&#8220; link_option_url=&#8220;https:\/\/familieundbildungworb.ch\/?page_id=195&#8243; border_radii=&#8220;on|4px|4px|4px|4px&#8220; border_color_all=&#8220;#b030db&#8220; border_width_top=&#8220;6px&#8220; box_shadow_style=&#8220;preset3&#8243; box_shadow_color=&#8220;rgba(34,56,101,0.12)&#8220; icon_font_size=&#8220;38px&#8220; global_colors_info=&#8220;{}&#8220;][\/et_pb_blurb][\/et_pb_column][et_pb_column type=&#8220;1_5&#8243; _builder_version=&#8220;4.27.4&#8243; _module_preset=&#8220;default&#8220; global_colors_info=&#8220;{}&#8220;][et_pb_blurb title=&#8220;MitSpielplatz &#8220; url=&#8220;https:\/\/familieundbildungworb.ch\/?page_id=200&#8243; use_icon=&#8220;on&#8220; font_icon=&#8220;&#xf45f;||fa||900&#8243; icon_color=&#8220;#535B7C&#8220; image_icon_width=&#8220;38px&#8220; _builder_version=&#8220;4.27.4&#8243; header_font=&#8220;Verdana|600|||||||&#8220; header_text_color=&#8220;#000000&#8243; header_font_size=&#8220;17px&#8220; header_line_height=&#8220;1.4em&#8220; body_font=&#8220;Verdana||||||||&#8220; body_text_color=&#8220;#000000&#8243; body_font_size=&#8220;16px&#8220; background_color=&#8220;#ffffff&#8220; text_orientation=&#8220;center&#8220; min_height=&#8220;332.2px&#8220; custom_margin=&#8220;||26px|||&#8220; custom_padding=&#8220;54px|20px|60px|20px&#8220; animation_style=&#8220;zoom&#8220; animation_intensity_zoom=&#8220;5%&#8220; link_option_url=&#8220;https:\/\/familieundbildungworb.ch\/?page_id=200&#8243; border_radii=&#8220;on|4px|4px|4px|4px&#8220; border_color_all=&#8220;#37d6bb&#8220; border_width_top=&#8220;6px&#8220; box_shadow_style=&#8220;preset3&#8243; box_shadow_color=&#8220;rgba(34,56,101,0.12)&#8220; icon_font_size=&#8220;38px&#8220; global_colors_info=&#8220;{}&#8220;]<\/p>\n<p><strong>\u00a0 \u00a0 \u00a0 \u00a0 \u00a0 \u00a0 \u00a0 \u00a0 \u00a0 \u00a0 \u00a0 \u00a0 \u00a0 \u00a0 \u00a0 \u00a0 \u00a0\u00a0<\/strong><\/p>\n<p>[\/et_pb_blurb][\/et_pb_column][et_pb_column type=&#8220;1_5&#8243; _builder_version=&#8220;4.27.4&#8243; _module_preset=&#8220;default&#8220; global_colors_info=&#8220;{}&#8220;][et_pb_blurb title=&#8220;Schweizer Vorlesetag und Erz\u00e4hlnacht&#8220; url=&#8220;https:\/\/familieundbildungworb.ch\/?page_id=205&#8243; use_icon=&#8220;on&#8220; font_icon=&#8220;&#xf5da;||fa||900&#8243; icon_color=&#8220;#535B7C&#8220; image_icon_width=&#8220;38px&#8220; _builder_version=&#8220;4.27.4&#8243; header_font=&#8220;Verdana|600|||||||&#8220; header_text_color=&#8220;#000000&#8243; header_font_size=&#8220;14px&#8220; header_line_height=&#8220;1.4em&#8220; body_font=&#8220;Verdana||||||||&#8220; body_text_color=&#8220;#000000&#8243; body_font_size=&#8220;16px&#8220; background_color=&#8220;#ffffff&#8220; text_orientation=&#8220;center&#8220; min_height=&#8220;333.6px&#8220; custom_margin=&#8220;|||&#8220; custom_padding=&#8220;54px|20px|60px|20px&#8220; animation_style=&#8220;zoom&#8220; animation_intensity_zoom=&#8220;5%&#8220; link_option_url=&#8220;https:\/\/familieundbildungworb.ch\/?page_id=205&#8243; border_radii=&#8220;on|4px|4px|4px|4px&#8220; border_color_all=&#8220;#1e1584&#8243; border_width_top=&#8220;6px&#8220; box_shadow_style=&#8220;preset3&#8243; box_shadow_color=&#8220;rgba(34,56,101,0.12)&#8220; icon_font_size=&#8220;38px&#8220; global_colors_info=&#8220;{}&#8220;][\/et_pb_blurb][\/et_pb_column][et_pb_column type=&#8220;1_5&#8243; _builder_version=&#8220;4.27.4&#8243; _module_preset=&#8220;default&#8220; global_colors_info=&#8220;{}&#8220;][et_pb_blurb title=&#8220;Informationen einmal anders&#8220; url=&#8220;https:\/\/familieundbildungworb.ch\/?page_id=210&#8243; use_icon=&#8220;on&#8220; font_icon=&#8220;&#xe605;||divi||400&#8243; icon_color=&#8220;#535B7C&#8220; image_icon_width=&#8220;38px&#8220; _builder_version=&#8220;4.27.4&#8243; header_font=&#8220;Verdana|600|||||||&#8220; header_text_color=&#8220;#000000&#8243; header_font_size=&#8220;16px&#8220; header_line_height=&#8220;1.4em&#8220; body_font=&#8220;Verdana||||||||&#8220; body_text_color=&#8220;#000000&#8243; body_font_size=&#8220;16px&#8220; background_color=&#8220;#ffffff&#8220; text_orientation=&#8220;center&#8220; min_height=&#8220;333.6px&#8220; custom_margin=&#8220;|||&#8220; custom_padding=&#8220;54px|20px|74px|20px||&#8220; animation_style=&#8220;zoom&#8220; animation_intensity_zoom=&#8220;5%&#8220; link_option_url=&#8220;https:\/\/familieundbildungworb.ch\/?page_id=210&#8243; border_radii=&#8220;on|4px|4px|4px|4px&#8220; border_color_all=&#8220;#E09900&#8243; border_width_top=&#8220;6px&#8220; box_shadow_style=&#8220;preset3&#8243; box_shadow_color=&#8220;rgba(34,56,101,0.12)&#8220; icon_font_size=&#8220;38px&#8220; global_colors_info=&#8220;{}&#8220;][\/et_pb_blurb][\/et_pb_column][\/et_pb_row][\/et_pb_section]<\/p>\n","protected":false},"excerpt":{"rendered":"<p>Den M\u00fcttern wird Erziehungs- und Entwicklungswissen sowie Tipps zur praktischen Umsetzung im Bereich der F\u00f6rderung von Kindern vermittelt. Die Selbstsicherheit der M\u00fctter wird gef\u00f6rdert und sie lernen, wie sie eine gute Beziehung zum eigenen Kind aufbauen und diese gestalten k\u00f6nnen. Der Austausch zwischen den M\u00fcttern wird gef\u00f6rdert. Sie werden in Erziehungsfragen beraten und \u00fcber weitere [&hellip;]<\/p>\n","protected":false},"author":2,"featured_media":0,"parent":0,"menu_order":0,"comment_status":"closed","ping_status":"closed","template":"","meta":{"_et_pb_use_builder":"on","_et_pb_old_content":"<!-- wp:divi\/placeholder \/-->","_et_gb_content_width":"","footnotes":""},"class_list":["post-184","page","type-page","status-publish","hentry"],"_links":{"self":[{"href":"https:\/\/familieundbildungworb.ch\/index.php?rest_route=\/wp\/v2\/pages\/184","targetHints":{"allow":["GET"]}}],"collection":[{"href":"https:\/\/familieundbildungworb.ch\/index.php?rest_route=\/wp\/v2\/pages"}],"about":[{"href":"https:\/\/familieundbildungworb.ch\/index.php?rest_route=\/wp\/v2\/types\/page"}],"author":[{"embeddable":true,"href":"https:\/\/familieundbildungworb.ch\/index.php?rest_route=\/wp\/v2\/users\/2"}],"replies":[{"embeddable":true,"href":"https:\/\/familieundbildungworb.ch\/index.php?rest_route=%2Fwp%2Fv2%2Fcomments&post=184"}],"version-history":[{"count":23,"href":"https:\/\/familieundbildungworb.ch\/index.php?rest_route=\/wp\/v2\/pages\/184\/revisions"}],"predecessor-version":[{"id":775,"href":"https:\/\/familieundbildungworb.ch\/index.php?rest_route=\/wp\/v2\/pages\/184\/revisions\/775"}],"wp:attachment":[{"href":"https:\/\/familieundbildungworb.ch\/index.php?rest_route=%2Fwp%2Fv2%2Fmedia&parent=184"}],"curies":[{"name":"wp","href":"https:\/\/api.w.org\/{rel}","templated":true}]}}