{"id":190,"date":"2025-09-26T18:39:10","date_gmt":"2025-09-26T18:39:10","guid":{"rendered":"https:\/\/familieundbildungworb.ch\/?page_id=190"},"modified":"2025-12-26T10:02:19","modified_gmt":"2025-12-26T10:02:19","slug":"eltern-kind-cafe","status":"publish","type":"page","link":"https:\/\/familieundbildungworb.ch\/?page_id=190","title":{"rendered":"Eltern-Kind-Caf\u00e9"},"content":{"rendered":"<p>[et_pb_section fb_built=&#8220;1&#8243; admin_label=&#8220;Features&#8220; _builder_version=&#8220;4.16&#8243; background_color=&#8220;#f8fbfe&#8220; custom_padding=&#8220;100px|0px|100px|0px&#8220; global_colors_info=&#8220;{}&#8220;][et_pb_row use_custom_gutter=&#8220;on&#8220; gutter_width=&#8220;2&#8243; admin_label=&#8220;Features Row&#8220; _builder_version=&#8220;4.16&#8243; custom_margin=&#8220;-25px||||false|false&#8220; custom_padding=&#8220;0%||0%||false|false&#8220; global_colors_info=&#8220;{}&#8220;][et_pb_column type=&#8220;4_4&#8243; _builder_version=&#8220;4.16&#8243; background_color_gradient_direction=&#8220;243deg&#8220; custom_padding=&#8220;|||&#8220; global_colors_info=&#8220;{}&#8220; custom_padding__hover=&#8220;|||&#8220;][et_pb_blurb title=&#8220;ElternKind-Caf\u00e9 &#8220; use_icon=&#8220;on&#8220; font_icon=&#8220;&#xf0f4;||fa||900&#8243; icon_color=&#8220;#535B7C&#8220; image_icon_width=&#8220;40px&#8220; content_max_width=&#8220;800px&#8220; _builder_version=&#8220;4.27.5&#8243; header_font=&#8220;Verdana|600|||||||&#8220; header_text_color=&#8220;#000000&#8243; header_line_height=&#8220;1.4em&#8220; body_font=&#8220;Verdana||||||||&#8220; body_text_color=&#8220;#000000&#8243; body_font_size=&#8220;16px&#8220; background_color=&#8220;#ffffff&#8220; text_orientation=&#8220;center&#8220; custom_margin=&#8220;|||&#8220; custom_padding=&#8220;54px|20px|60px|20px&#8220; animation_style=&#8220;zoom&#8220; animation_intensity_zoom=&#8220;5%&#8220; hover_enabled=&#8220;0&#8243; border_radii=&#8220;on|4px|4px|4px|4px&#8220; border_color_all=&#8220;#7CDA24&#8243; border_width_top=&#8220;6px&#8220; box_shadow_style=&#8220;preset3&#8243; box_shadow_color=&#8220;rgba(34,56,101,0.12)&#8220; icon_font_size=&#8220;32px&#8220; global_colors_info=&#8220;{}&#8220; sticky_enabled=&#8220;0&#8243;]<\/p>\n<p style=\"text-align: left;\">Der Verein Chindernetz Kanton Bern hat ab Januar 2026 ein neues Angebot f\u00fcr Familien in Worb: das ElternKind-Caf\u00e9. In entspannter Atmosph\u00e4re k\u00f6nnen sich ab Januar 2026 Eltern einmal im Monat zu Erziehungsthemen im Coop-Restaurant Worb austauschen. Begleitet wird der Austausch von Fachpersonen, die Impulse geben und Fragen beantworten. W\u00e4hrenddessen werken und spielen\u00a0 die Kinder unter der Betreuung einer Spielgruppenleiterin mit altersgerechtem Material. So entsteht ein Raum, in dem Eltern voneinander lernen und Kinder sich wohlf\u00fchlen.<\/p>\n<p>&nbsp;<\/p>\n<p style=\"text-align: left;\"><strong>Wann\u00a0 \u00a0 \u00a0 \u00a0 \u00a0 \u00a0 \u00a0 \u00a0 <\/strong>4. Mittwoch im Monat,15.00 &#8211; 17.00 (28.1., 25.2., 25.3., 22.4., 27.5., 24.6.2026)<\/p>\n<p style=\"text-align: left;\"><strong>Was\u00a0 \u00a0 \u00a0 \u00a0 \u00a0 \u00a0 \u00a0 \u00a0 \u00a0 <\/strong>ElternKind-Caf\u00e9<\/p>\n<p style=\"text-align: left;\"><strong>Wo \u00a0\u00a0\u00a0\u00a0\u00a0\u00a0\u00a0\u00a0\u00a0\u00a0\u00a0\u00a0\u00a0\u00a0\u00a0\u00a0\u00a0\u00a0 <\/strong>Coop Restaurant Worb (Kinderspielecke)<\/p>\n<p style=\"text-align: left;\"><strong>Wer \u00a0\u00a0\u00a0\u00a0\u00a0\u00a0\u00a0\u00a0\u00a0\u00a0\u00a0\u00a0\u00a0\u00a0\u00a0\u00a0 <\/strong>Chindernetz Kanton Bern<\/p>\n<p style=\"text-align: left;\"><strong>Kosten\u00a0\u00a0\u00a0\u00a0\u00a0\u00a0\u00a0\u00a0\u00a0\u00a0\u00a0\u00a0\u00a0 <\/strong>keine<\/p>\n<p style=\"text-align: left;\">Ein Getr\u00e4nk f\u00fcr die Eltern und ein Sirup f\u00fcr die Kinder werden vom Coop spendiert<\/p>\n<p style=\"text-align: left;\"><strong>Anmeldung\u00a0 \u00a0 \u00a0 \u00a0<\/strong>keine<\/p>\n<p style=\"text-align: left;\"><strong><\/strong><\/p>\n<p style=\"text-align: left;\"><strong><\/strong><\/p>\n<p style=\"text-align: left;\"><strong>Weitere Informationen<\/strong><\/p>\n<p style=\"text-align: left;\"><a href=\"https:\/\/www.chindernetz.be\/elternkind-cafe\" target=\"_blank\" rel=\"noopener\">https:\/\/www.chindernetz.be\/elternkind-cafe<\/a><\/p>\n<p><strong>\u00a0<\/strong><\/p>\n<p style=\"text-align: left;\"><em>Das Projekt wird \u00fcber Chindernetz Kanton Bern von der Gesundheits-, Sozial- und Integrationsdirektion, Bereich Familie (GSI) mitfinanziert <\/em><\/p>\n<p>[\/et_pb_blurb][\/et_pb_column][\/et_pb_row][et_pb_row column_structure=&#8220;1_5,1_5,1_5,1_5,1_5&#8243; use_custom_gutter=&#8220;on&#8220; gutter_width=&#8220;2&#8243; make_equal=&#8220;on&#8220; _builder_version=&#8220;4.27.4&#8243; _module_preset=&#8220;default&#8220; width=&#8220;106%&#8220; max_width=&#8220;1317px&#8220; min_height=&#8220;343.6px&#8220; custom_padding=&#8220;||0px|||&#8220; global_colors_info=&#8220;{}&#8220;][et_pb_column type=&#8220;1_5&#8243; _builder_version=&#8220;4.27.4&#8243; _module_preset=&#8220;default&#8220; global_colors_info=&#8220;{}&#8220;][et_pb_blurb title=&#8220;Mutter-Kind-Gruppe f\u00fcr Migrantinnen&#8220; url=&#8220;https:\/\/familieundbildungworb.ch\/?page_id=184&#8243; use_icon=&#8220;on&#8220; font_icon=&#8220;&#xe0a1;||divi||400&#8243; icon_color=&#8220;#535B7C&#8220; image_icon_width=&#8220;38px&#8220; _builder_version=&#8220;4.27.4&#8243; header_font=&#8220;Verdana|600|||||||&#8220; header_text_color=&#8220;#000000&#8243; header_line_height=&#8220;1.4em&#8220; body_font=&#8220;Verdana||||||||&#8220; body_text_color=&#8220;#000000&#8243; body_font_size=&#8220;16px&#8220; background_color=&#8220;#ffffff&#8220; text_orientation=&#8220;center&#8220; min_height=&#8220;336.4px&#8220; custom_margin=&#8220;|||&#8220; custom_padding=&#8220;54px|20px|60px|20px&#8220; animation_style=&#8220;zoom&#8220; animation_intensity_zoom=&#8220;5%&#8220; link_option_url=&#8220;https:\/\/familieundbildungworb.ch\/?page_id=184&#8243; border_radii=&#8220;on|4px|4px|4px|4px&#8220; border_color_all=&#8220;#1e1584&#8243; border_width_top=&#8220;6px&#8220; box_shadow_style=&#8220;preset3&#8243; box_shadow_color=&#8220;rgba(34,56,101,0.12)&#8220; icon_font_size=&#8220;38px&#8220; global_colors_info=&#8220;{}&#8220;][\/et_pb_blurb][\/et_pb_column][et_pb_column type=&#8220;1_5&#8243; _builder_version=&#8220;4.27.4&#8243; _module_preset=&#8220;default&#8220; global_colors_info=&#8220;{}&#8220;][et_pb_blurb title=&#8220;Kursmodule f\u00fcr Eltern mit Migrationserfahrung&#8220; url=&#8220;https:\/\/familieundbildungworb.ch\/?page_id=195&#8243; use_icon=&#8220;on&#8220; font_icon=&#8220;&#xf501;||fa||900&#8243; icon_color=&#8220;#535B7C&#8220; image_icon_width=&#8220;38px&#8220; _builder_version=&#8220;4.27.4&#8243; header_font=&#8220;Verdana|600|||||||&#8220; header_text_color=&#8220;#000000&#8243; header_font_size=&#8220;16px&#8220; header_line_height=&#8220;1.4em&#8220; body_font=&#8220;Verdana||||||||&#8220; body_text_color=&#8220;#000000&#8243; body_font_size=&#8220;16px&#8220; background_color=&#8220;#ffffff&#8220; text_orientation=&#8220;center&#8220; min_height=&#8220;334.8px&#8220; custom_margin=&#8220;|||&#8220; custom_padding=&#8220;54px|20px|28px|20px||&#8220; animation_style=&#8220;zoom&#8220; animation_intensity_zoom=&#8220;5%&#8220; link_option_url=&#8220;https:\/\/familieundbildungworb.ch\/?page_id=195&#8243; border_radii=&#8220;on|4px|4px|4px|4px&#8220; border_color_all=&#8220;#b030db&#8220; border_width_top=&#8220;6px&#8220; box_shadow_style=&#8220;preset3&#8243; box_shadow_color=&#8220;rgba(34,56,101,0.12)&#8220; icon_font_size=&#8220;38px&#8220; global_colors_info=&#8220;{}&#8220;][\/et_pb_blurb][\/et_pb_column][et_pb_column type=&#8220;1_5&#8243; _builder_version=&#8220;4.27.4&#8243; _module_preset=&#8220;default&#8220; global_colors_info=&#8220;{}&#8220;][et_pb_blurb title=&#8220;MitSpielplatz &#8220; url=&#8220;https:\/\/familieundbildungworb.ch\/?page_id=200&#8243; use_icon=&#8220;on&#8220; font_icon=&#8220;&#xf45f;||fa||900&#8243; icon_color=&#8220;#535B7C&#8220; image_icon_width=&#8220;38px&#8220; _builder_version=&#8220;4.27.4&#8243; header_font=&#8220;Verdana|600|||||||&#8220; header_text_color=&#8220;#000000&#8243; header_font_size=&#8220;17px&#8220; header_line_height=&#8220;1.4em&#8220; body_font=&#8220;Verdana||||||||&#8220; body_text_color=&#8220;#000000&#8243; body_font_size=&#8220;16px&#8220; background_color=&#8220;#ffffff&#8220; text_orientation=&#8220;center&#8220; min_height=&#8220;332.2px&#8220; custom_margin=&#8220;||26px|||&#8220; custom_padding=&#8220;54px|20px|60px|20px&#8220; animation_style=&#8220;zoom&#8220; animation_intensity_zoom=&#8220;5%&#8220; link_option_url=&#8220;https:\/\/familieundbildungworb.ch\/?page_id=200&#8243; border_radii=&#8220;on|4px|4px|4px|4px&#8220; border_color_all=&#8220;#37d6bb&#8220; border_width_top=&#8220;6px&#8220; box_shadow_style=&#8220;preset3&#8243; box_shadow_color=&#8220;rgba(34,56,101,0.12)&#8220; icon_font_size=&#8220;38px&#8220; global_colors_info=&#8220;{}&#8220;]<\/p>\n<p><strong>\u00a0 \u00a0 \u00a0 \u00a0 \u00a0 \u00a0 \u00a0 \u00a0 \u00a0 \u00a0 \u00a0 \u00a0 \u00a0 \u00a0 \u00a0 \u00a0 \u00a0\u00a0<\/strong><\/p>\n<p>[\/et_pb_blurb][\/et_pb_column][et_pb_column type=&#8220;1_5&#8243; _builder_version=&#8220;4.27.4&#8243; _module_preset=&#8220;default&#8220; global_colors_info=&#8220;{}&#8220;][et_pb_blurb title=&#8220;Schweizer Vorlesetag und Erz\u00e4hlnacht&#8220; url=&#8220;https:\/\/familieundbildungworb.ch\/?page_id=205&#8243; use_icon=&#8220;on&#8220; font_icon=&#8220;&#xf5da;||fa||900&#8243; icon_color=&#8220;#535B7C&#8220; image_icon_width=&#8220;38px&#8220; _builder_version=&#8220;4.27.4&#8243; header_font=&#8220;Verdana|600|||||||&#8220; header_text_color=&#8220;#000000&#8243; header_font_size=&#8220;14px&#8220; header_line_height=&#8220;1.4em&#8220; body_font=&#8220;Verdana||||||||&#8220; body_text_color=&#8220;#000000&#8243; body_font_size=&#8220;16px&#8220; background_color=&#8220;#ffffff&#8220; text_orientation=&#8220;center&#8220; min_height=&#8220;333.6px&#8220; custom_margin=&#8220;|||&#8220; custom_padding=&#8220;54px|20px|60px|20px&#8220; animation_style=&#8220;zoom&#8220; animation_intensity_zoom=&#8220;5%&#8220; link_option_url=&#8220;https:\/\/familieundbildungworb.ch\/?page_id=205&#8243; border_radii=&#8220;on|4px|4px|4px|4px&#8220; border_color_all=&#8220;#1e1584&#8243; border_width_top=&#8220;6px&#8220; box_shadow_style=&#8220;preset3&#8243; box_shadow_color=&#8220;rgba(34,56,101,0.12)&#8220; icon_font_size=&#8220;38px&#8220; global_colors_info=&#8220;{}&#8220;][\/et_pb_blurb][\/et_pb_column][et_pb_column type=&#8220;1_5&#8243; _builder_version=&#8220;4.27.4&#8243; _module_preset=&#8220;default&#8220; global_colors_info=&#8220;{}&#8220;][et_pb_blurb title=&#8220;Informationen einmal anders&#8220; url=&#8220;https:\/\/familieundbildungworb.ch\/?page_id=210&#8243; use_icon=&#8220;on&#8220; font_icon=&#8220;&#xe605;||divi||400&#8243; icon_color=&#8220;#535B7C&#8220; image_icon_width=&#8220;38px&#8220; _builder_version=&#8220;4.27.4&#8243; header_font=&#8220;Verdana|600|||||||&#8220; header_text_color=&#8220;#000000&#8243; header_font_size=&#8220;16px&#8220; header_line_height=&#8220;1.4em&#8220; body_font=&#8220;Verdana||||||||&#8220; body_text_color=&#8220;#000000&#8243; body_font_size=&#8220;16px&#8220; background_color=&#8220;#ffffff&#8220; text_orientation=&#8220;center&#8220; min_height=&#8220;333.6px&#8220; custom_margin=&#8220;|||&#8220; custom_padding=&#8220;54px|20px|74px|20px||&#8220; animation_style=&#8220;zoom&#8220; animation_intensity_zoom=&#8220;5%&#8220; link_option_url=&#8220;https:\/\/familieundbildungworb.ch\/?page_id=210&#8243; border_radii=&#8220;on|4px|4px|4px|4px&#8220; border_color_all=&#8220;#E09900&#8243; border_width_top=&#8220;6px&#8220; box_shadow_style=&#8220;preset3&#8243; box_shadow_color=&#8220;rgba(34,56,101,0.12)&#8220; icon_font_size=&#8220;38px&#8220; global_colors_info=&#8220;{}&#8220;][\/et_pb_blurb][\/et_pb_column][\/et_pb_row][\/et_pb_section]<\/p>\n","protected":false},"excerpt":{"rendered":"<p>Der Verein Chindernetz Kanton Bern hat ab Januar 2026 ein neues Angebot f\u00fcr Familien in Worb: das ElternKind-Caf\u00e9. In entspannter Atmosph\u00e4re k\u00f6nnen sich ab Januar 2026 Eltern einmal im Monat zu Erziehungsthemen im Coop-Restaurant Worb austauschen. Begleitet wird der Austausch von Fachpersonen, die Impulse geben und Fragen beantworten. W\u00e4hrenddessen werken und spielen\u00a0 die Kinder unter [&hellip;]<\/p>\n","protected":false},"author":2,"featured_media":0,"parent":0,"menu_order":0,"comment_status":"closed","ping_status":"closed","template":"","meta":{"_et_pb_use_builder":"on","_et_pb_old_content":"<!-- wp:divi\/placeholder \/-->","_et_gb_content_width":"","footnotes":""},"class_list":["post-190","page","type-page","status-publish","hentry"],"_links":{"self":[{"href":"https:\/\/familieundbildungworb.ch\/index.php?rest_route=\/wp\/v2\/pages\/190","targetHints":{"allow":["GET"]}}],"collection":[{"href":"https:\/\/familieundbildungworb.ch\/index.php?rest_route=\/wp\/v2\/pages"}],"about":[{"href":"https:\/\/familieundbildungworb.ch\/index.php?rest_route=\/wp\/v2\/types\/page"}],"author":[{"embeddable":true,"href":"https:\/\/familieundbildungworb.ch\/index.php?rest_route=\/wp\/v2\/users\/2"}],"replies":[{"embeddable":true,"href":"https:\/\/familieundbildungworb.ch\/index.php?rest_route=%2Fwp%2Fv2%2Fcomments&post=190"}],"version-history":[{"count":23,"href":"https:\/\/familieundbildungworb.ch\/index.php?rest_route=\/wp\/v2\/pages\/190\/revisions"}],"predecessor-version":[{"id":676,"href":"https:\/\/familieundbildungworb.ch\/index.php?rest_route=\/wp\/v2\/pages\/190\/revisions\/676"}],"wp:attachment":[{"href":"https:\/\/familieundbildungworb.ch\/index.php?rest_route=%2Fwp%2Fv2%2Fmedia&parent=190"}],"curies":[{"name":"wp","href":"https:\/\/api.w.org\/{rel}","templated":true}]}}