{"id":200,"date":"2025-09-26T18:56:48","date_gmt":"2025-09-26T18:56:48","guid":{"rendered":"https:\/\/familieundbildungworb.ch\/?page_id=200"},"modified":"2026-02-08T22:21:42","modified_gmt":"2026-02-08T22:21:42","slug":"mitspielplatz","status":"publish","type":"page","link":"https:\/\/familieundbildungworb.ch\/?page_id=200","title":{"rendered":"MitSpielplatz"},"content":{"rendered":"<p>[et_pb_section fb_built=&#8220;1&#8243; admin_label=&#8220;Features&#8220; _builder_version=&#8220;4.16&#8243; background_color=&#8220;#f8fbfe&#8220; custom_padding=&#8220;100px|0px|100px|0px&#8220; global_colors_info=&#8220;{}&#8220;][et_pb_row use_custom_gutter=&#8220;on&#8220; gutter_width=&#8220;2&#8243; admin_label=&#8220;Features Row&#8220; _builder_version=&#8220;4.16&#8243; custom_margin=&#8220;-25px||||false|false&#8220; custom_padding=&#8220;0%||0%||false|false&#8220; global_colors_info=&#8220;{}&#8220;][et_pb_column type=&#8220;4_4&#8243; _builder_version=&#8220;4.16&#8243; background_color_gradient_direction=&#8220;243deg&#8220; custom_padding=&#8220;|||&#8220; global_colors_info=&#8220;{}&#8220; custom_padding__hover=&#8220;|||&#8220;][et_pb_blurb title=&#8220;MitSpielplatz &#8220; use_icon=&#8220;on&#8220; font_icon=&#8220;&#xf45f;||fa||900&#8243; icon_color=&#8220;#535B7C&#8220; image_icon_width=&#8220;40px&#8220; content_max_width=&#8220;800px&#8220; _builder_version=&#8220;4.27.5&#8243; header_font=&#8220;Verdana|600|||||||&#8220; header_text_color=&#8220;#000000&#8243; header_line_height=&#8220;1.4em&#8220; body_font=&#8220;Verdana||||||||&#8220; body_text_color=&#8220;#000000&#8243; body_font_size=&#8220;16px&#8220; background_color=&#8220;#ffffff&#8220; text_orientation=&#8220;center&#8220; custom_margin=&#8220;|||&#8220; custom_padding=&#8220;54px|20px|60px|20px&#8220; animation_style=&#8220;zoom&#8220; animation_intensity_zoom=&#8220;5%&#8220; hover_enabled=&#8220;0&#8243; border_radii=&#8220;on|4px|4px|4px|4px&#8220; border_color_all=&#8220;#1FE0BA&#8220; border_width_top=&#8220;6px&#8220; box_shadow_style=&#8220;preset3&#8243; box_shadow_color=&#8220;rgba(34,56,101,0.12)&#8220; icon_font_size=&#8220;32px&#8220; global_colors_info=&#8220;{}&#8220; sticky_enabled=&#8220;0&#8243;]<\/p>\n<p style=\"text-align: left;\">Freies Spielen und Herumtoben ist f\u00fcr Kinder kaum noch m\u00f6glich, dabei w\u00e4re es so wichtig, dass Kinder ausprobieren k\u00f6nnen, Grenzen erkennen und Freude und \u00c4rger in der Gemeinschaft zu erfahren.<\/p>\n<p style=\"text-align: left;\">Das Projekt MitSpielplatz erm\u00f6glicht Kindern auf \u00f6ffentlichen Pl\u00e4tzen zu spielen und hilft mit, eine lebendige Spielkultur in der Gemeinde zu f\u00f6rdern. Es wird in 4 Phasen umgesetzt.<\/p>\n<p style=\"text-align: left;\">Pro Jahr werden jeweils an 3 verschiedenen Orten Spielnachmittage mit dem Livingdome (einem mobilen, gemeinsam aufbaubaren Kletterger\u00fcst) durchgef\u00fchrt. Gleichzeitig wird ein lokales Netzwerk aufgebaut. Freiwillige Personen (MitSpielpatinnen und -paten) werden zu verschiedenen Themen geschult und f\u00fchren anschliessend die MitSpielpl\u00e4tze selbst\u00e4ndig durch.<\/p>\n<p style=\"text-align: left;\"><span data-olk-copy-source=\"MessageBody\"> In Zusammenarbeit mit FaBiWorb startete Chindernetz Kanton Bern am 6. September 2025 mit dem Livingdome am Generationenfest die erste Phase. Ein weiterer MitSpielplatz fand am 18. Oktober 2025 statt. Die 2 Phase startet im Fr\u00fchling 2026 mit weiteren MitSpielpl\u00e4tzen in R\u00fcfenacht und Worb.<\/span><\/p>\n<p>&nbsp;<\/p>\n<p style=\"text-align: left;\"><strong>Wann\u00a0 \u00a0 \u00a0 \u00a0 \u00a0 \u00a0 \u00a0 <\/strong>21. M\u00e4rz 2026, 13.00 \u2013 16.00<\/p>\n<p style=\"text-align: left;\"><strong>Was\u00a0 \u00a0 \u00a0 \u00a0 \u00a0 \u00a0 \u00a0 \u00a0 <\/strong>MitSpielplatz mit\u00a0Livingdome<\/p>\n<p style=\"text-align: left;\"><strong>Wo\u00a0 \u00a0 \u00a0 \u00a0 \u00a0 \u00a0 \u00a0 \u00a0 \u00a0 <\/strong>Dorfplatz R\u00fcfenacht<\/p>\n<p style=\"text-align: left;\"><strong>Wer\u00a0 \u00a0 \u00a0 \u00a0 \u00a0 \u00a0 \u00a0 \u00a0 \u00a0<\/strong>Chindernetz Kanton Bern und FaBiWorb<\/p>\n<p style=\"text-align: left;\"><strong>Kosten\u00a0 \u00a0 \u00a0 \u00a0 \u00a0 \u00a0 <\/strong>keine<\/p>\n<p style=\"text-align: left;\"><strong>Anmeldung\u00a0 \u00a0 <\/strong>keine, alle sind herzlich willkommen vorbeizukommen<\/p>\n<p style=\"text-align: left;\"><strong><\/strong><\/p>\n<p style=\"text-align: left;\"><strong>Weitere Informationen<\/strong><\/p>\n<p style=\"text-align: left;\"><span data-olk-copy-source=\"MessageBody\">weitere MitSpielpl\u00e4tze, Samstag 6. Juni 14.00 \u2013 17.00 Robispielplatz R\u00fcfenacht (Info einmal anders), 10. Juni und 14. Oktober nachmittags in Worb<\/span><\/p>\n<p style=\"text-align: left;\"><a href=\"https:\/\/www.chindernetz.be\/mitspielplatz\" target=\"_blank\" rel=\"noopener\">https:\/\/www.chindernetz.be\/mitspielplatz<\/a><\/p>\n<p style=\"text-align: left;\"><em>Das Projekt wird mitfinanziert\u00a0<\/em><\/p>\n<p><img loading=\"lazy\" decoding=\"async\" src=\"https:\/\/familieundbildungworb.ch\/wp-content\/uploads\/2025\/10\/Logo_KIP_BE_D_RGB-300x272.png\" width=\"115\" height=\"104\" alt=\"\" class=\"wp-image-456 alignnone size-medium\" style=\"font-size: 16px; background-color: #ffffff; float: right;\" \/><em><img loading=\"lazy\" decoding=\"async\" src=\"https:\/\/familieundbildungworb.ch\/wp-content\/uploads\/2025\/10\/ici_Logo_black_DE_RGB-300x231.jpg\" width=\"139\" height=\"107\" alt=\"\" class=\"wp-image-457 alignnone size-medium\" \/>\u00a0 \u00a0 \u00a0\u00a0<\/em><\/p>\n<p>&nbsp;<\/p>\n<p>[\/et_pb_blurb][\/et_pb_column][\/et_pb_row][et_pb_row column_structure=&#8220;1_5,1_5,1_5,1_5,1_5&#8243; use_custom_gutter=&#8220;on&#8220; gutter_width=&#8220;2&#8243; make_equal=&#8220;on&#8220; _builder_version=&#8220;4.27.4&#8243; _module_preset=&#8220;default&#8220; width=&#8220;106%&#8220; max_width=&#8220;1317px&#8220; min_height=&#8220;343.6px&#8220; custom_padding=&#8220;||0px|||&#8220; global_colors_info=&#8220;{}&#8220;][et_pb_column type=&#8220;1_5&#8243; _builder_version=&#8220;4.27.4&#8243; _module_preset=&#8220;default&#8220; global_colors_info=&#8220;{}&#8220;][et_pb_blurb title=&#8220;ElternKind-Caf\u00e9 &#8220; url=&#8220;https:\/\/familieundbildungworb.ch\/?page_id=190&#8243; use_icon=&#8220;on&#8220; font_icon=&#8220;&#xf0f4;||fa||900&#8243; icon_color=&#8220;#535B7C&#8220; image_icon_width=&#8220;38px&#8220; _builder_version=&#8220;4.27.4&#8243; header_font=&#8220;Verdana|600|||||||&#8220; header_text_color=&#8220;#000000&#8243; header_font_size=&#8220;17px&#8220; header_line_height=&#8220;1.4em&#8220; body_font=&#8220;Verdana||||||||&#8220; body_text_color=&#8220;#000000&#8243; body_font_size=&#8220;16px&#8220; background_color=&#8220;#ffffff&#8220; text_orientation=&#8220;center&#8220; min_height=&#8220;329.8px&#8220; custom_margin=&#8220;||14px|||&#8220; custom_padding=&#8220;54px|20px|0px|20px||&#8220; animation_style=&#8220;zoom&#8220; animation_intensity_zoom=&#8220;5%&#8220; link_option_url=&#8220;https:\/\/familieundbildungworb.ch\/?page_id=190&#8243; border_radii=&#8220;on|4px|4px|4px|4px&#8220; border_color_all=&#8220;#7CDA24&#8243; border_width_top=&#8220;6px&#8220; box_shadow_style=&#8220;preset3&#8243; box_shadow_color=&#8220;rgba(34,56,101,0.12)&#8220; icon_font_size=&#8220;38px&#8220; global_colors_info=&#8220;{}&#8220;]<\/p>\n<p>&nbsp;<\/p>\n<p style=\"text-align: left;\"><strong><\/strong><\/p>\n<p style=\"text-align: left;\"><strong><\/strong><\/p>\n<p style=\"text-align: left;\"><strong><\/strong><\/p>\n<p style=\"text-align: left;\"><strong><\/strong><\/p>\n<p style=\"text-align: left;\"><strong><\/strong><\/p>\n<p style=\"text-align: left;\"><strong><\/strong><\/p>\n<p style=\"text-align: left;\"><strong><\/strong><\/p>\n<p>[\/et_pb_blurb][\/et_pb_column][et_pb_column type=&#8220;1_5&#8243; _builder_version=&#8220;4.27.4&#8243; _module_preset=&#8220;default&#8220; global_colors_info=&#8220;{}&#8220;][et_pb_blurb title=&#8220;Kursmodule f\u00fcr Eltern mit Migrationserfahrung&#8220; url=&#8220;https:\/\/familieundbildungworb.ch\/?page_id=195&#8243; use_icon=&#8220;on&#8220; font_icon=&#8220;&#xf501;||fa||900&#8243; icon_color=&#8220;#535B7C&#8220; image_icon_width=&#8220;38px&#8220; _builder_version=&#8220;4.27.4&#8243; header_font=&#8220;Verdana|600|||||||&#8220; header_text_color=&#8220;#000000&#8243; header_font_size=&#8220;16px&#8220; header_line_height=&#8220;1.4em&#8220; body_font=&#8220;Verdana||||||||&#8220; body_text_color=&#8220;#000000&#8243; body_font_size=&#8220;16px&#8220; background_color=&#8220;#ffffff&#8220; text_orientation=&#8220;center&#8220; min_height=&#8220;325.8px&#8220; custom_margin=&#8220;|||&#8220; custom_padding=&#8220;54px|20px|28px|20px||&#8220; animation_style=&#8220;zoom&#8220; animation_intensity_zoom=&#8220;5%&#8220; link_option_url=&#8220;https:\/\/familieundbildungworb.ch\/?page_id=195&#8243; border_radii=&#8220;on|4px|4px|4px|4px&#8220; border_color_all=&#8220;#b030db&#8220; border_width_top=&#8220;6px&#8220; box_shadow_style=&#8220;preset3&#8243; box_shadow_color=&#8220;rgba(34,56,101,0.12)&#8220; icon_font_size=&#8220;38px&#8220; global_colors_info=&#8220;{}&#8220;][\/et_pb_blurb][\/et_pb_column][et_pb_column type=&#8220;1_5&#8243; _builder_version=&#8220;4.27.4&#8243; _module_preset=&#8220;default&#8220; global_colors_info=&#8220;{}&#8220;][et_pb_blurb title=&#8220;Mutter-Kind-Gruppe f\u00fcr Migrantinnen&#8220; url=&#8220;https:\/\/familieundbildungworb.ch\/?page_id=184&#8243; use_icon=&#8220;on&#8220; font_icon=&#8220;&#xe0a1;||divi||400&#8243; icon_color=&#8220;#535B7C&#8220; image_icon_width=&#8220;38px&#8220; _builder_version=&#8220;4.27.4&#8243; header_font=&#8220;Verdana|600|||||||&#8220; header_text_color=&#8220;#000000&#8243; header_line_height=&#8220;1.4em&#8220; body_font=&#8220;Verdana||||||||&#8220; body_text_color=&#8220;#000000&#8243; body_font_size=&#8220;16px&#8220; background_color=&#8220;#ffffff&#8220; text_orientation=&#8220;center&#8220; min_height=&#8220;330.4px&#8220; custom_margin=&#8220;|||&#8220; custom_padding=&#8220;54px|20px|60px|20px&#8220; animation_style=&#8220;zoom&#8220; animation_intensity_zoom=&#8220;5%&#8220; link_option_url=&#8220;https:\/\/familieundbildungworb.ch\/?page_id=184&#8243; border_radii=&#8220;on|4px|4px|4px|4px&#8220; border_color_all=&#8220;#1e1584&#8243; border_width_top=&#8220;6px&#8220; box_shadow_style=&#8220;preset3&#8243; box_shadow_color=&#8220;rgba(34,56,101,0.12)&#8220; icon_font_size=&#8220;38px&#8220; global_colors_info=&#8220;{}&#8220;][\/et_pb_blurb][\/et_pb_column][et_pb_column type=&#8220;1_5&#8243; _builder_version=&#8220;4.27.4&#8243; _module_preset=&#8220;default&#8220; global_colors_info=&#8220;{}&#8220;][et_pb_blurb title=&#8220;Schweizer Vorlesetag und Erz\u00e4hlnacht&#8220; url=&#8220;https:\/\/familieundbildungworb.ch\/?page_id=205&#8243; use_icon=&#8220;on&#8220; font_icon=&#8220;&#xf5da;||fa||900&#8243; icon_color=&#8220;#535B7C&#8220; image_icon_width=&#8220;38px&#8220; _builder_version=&#8220;4.27.4&#8243; header_font=&#8220;Verdana|600|||||||&#8220; header_text_color=&#8220;#000000&#8243; header_font_size=&#8220;14px&#8220; header_line_height=&#8220;1.4em&#8220; body_font=&#8220;Verdana||||||||&#8220; body_text_color=&#8220;#000000&#8243; body_font_size=&#8220;16px&#8220; background_color=&#8220;#ffffff&#8220; text_orientation=&#8220;center&#8220; min_height=&#8220;333.6px&#8220; custom_margin=&#8220;|||&#8220; custom_padding=&#8220;54px|20px|60px|20px&#8220; animation_style=&#8220;zoom&#8220; animation_intensity_zoom=&#8220;5%&#8220; link_option_url=&#8220;https:\/\/familieundbildungworb.ch\/?page_id=205&#8243; border_radii=&#8220;on|4px|4px|4px|4px&#8220; border_color_all=&#8220;#1e1584&#8243; border_width_top=&#8220;6px&#8220; box_shadow_style=&#8220;preset3&#8243; box_shadow_color=&#8220;rgba(34,56,101,0.12)&#8220; icon_font_size=&#8220;38px&#8220; global_colors_info=&#8220;{}&#8220;][\/et_pb_blurb][\/et_pb_column][et_pb_column type=&#8220;1_5&#8243; _builder_version=&#8220;4.27.4&#8243; _module_preset=&#8220;default&#8220; global_colors_info=&#8220;{}&#8220;][et_pb_blurb title=&#8220;Informationen einmal anders&#8220; url=&#8220;https:\/\/familieundbildungworb.ch\/?page_id=210&#8243; use_icon=&#8220;on&#8220; font_icon=&#8220;&#xe605;||divi||400&#8243; icon_color=&#8220;#535B7C&#8220; image_icon_width=&#8220;38px&#8220; _builder_version=&#8220;4.27.4&#8243; header_font=&#8220;Verdana|600|||||||&#8220; header_text_color=&#8220;#000000&#8243; header_font_size=&#8220;16px&#8220; header_line_height=&#8220;1.4em&#8220; body_font=&#8220;Verdana||||||||&#8220; body_text_color=&#8220;#000000&#8243; body_font_size=&#8220;16px&#8220; background_color=&#8220;#ffffff&#8220; text_orientation=&#8220;center&#8220; min_height=&#8220;333.6px&#8220; custom_margin=&#8220;|||&#8220; custom_padding=&#8220;54px|20px|74px|20px||&#8220; animation_style=&#8220;zoom&#8220; animation_intensity_zoom=&#8220;5%&#8220; link_option_url=&#8220;https:\/\/familieundbildungworb.ch\/?page_id=210&#8243; border_radii=&#8220;on|4px|4px|4px|4px&#8220; border_color_all=&#8220;#E09900&#8243; border_width_top=&#8220;6px&#8220; box_shadow_style=&#8220;preset3&#8243; box_shadow_color=&#8220;rgba(34,56,101,0.12)&#8220; icon_font_size=&#8220;38px&#8220; global_colors_info=&#8220;{}&#8220;][\/et_pb_blurb][\/et_pb_column][\/et_pb_row][\/et_pb_section]<\/p>\n","protected":false},"excerpt":{"rendered":"<p>Freies Spielen und Herumtoben ist f\u00fcr Kinder kaum noch m\u00f6glich, dabei w\u00e4re es so wichtig, dass Kinder ausprobieren k\u00f6nnen, Grenzen erkennen und Freude und \u00c4rger in der Gemeinschaft zu erfahren. Das Projekt MitSpielplatz erm\u00f6glicht Kindern auf \u00f6ffentlichen Pl\u00e4tzen zu spielen und hilft mit, eine lebendige Spielkultur in der Gemeinde zu f\u00f6rdern. Es wird in 4 [&hellip;]<\/p>\n","protected":false},"author":2,"featured_media":0,"parent":0,"menu_order":0,"comment_status":"closed","ping_status":"closed","template":"","meta":{"_et_pb_use_builder":"on","_et_pb_old_content":"<!-- wp:divi\/placeholder \/-->","_et_gb_content_width":"","footnotes":""},"class_list":["post-200","page","type-page","status-publish","hentry"],"_links":{"self":[{"href":"https:\/\/familieundbildungworb.ch\/index.php?rest_route=\/wp\/v2\/pages\/200","targetHints":{"allow":["GET"]}}],"collection":[{"href":"https:\/\/familieundbildungworb.ch\/index.php?rest_route=\/wp\/v2\/pages"}],"about":[{"href":"https:\/\/familieundbildungworb.ch\/index.php?rest_route=\/wp\/v2\/types\/page"}],"author":[{"embeddable":true,"href":"https:\/\/familieundbildungworb.ch\/index.php?rest_route=\/wp\/v2\/users\/2"}],"replies":[{"embeddable":true,"href":"https:\/\/familieundbildungworb.ch\/index.php?rest_route=%2Fwp%2Fv2%2Fcomments&post=200"}],"version-history":[{"count":25,"href":"https:\/\/familieundbildungworb.ch\/index.php?rest_route=\/wp\/v2\/pages\/200\/revisions"}],"predecessor-version":[{"id":779,"href":"https:\/\/familieundbildungworb.ch\/index.php?rest_route=\/wp\/v2\/pages\/200\/revisions\/779"}],"wp:attachment":[{"href":"https:\/\/familieundbildungworb.ch\/index.php?rest_route=%2Fwp%2Fv2%2Fmedia&parent=200"}],"curies":[{"name":"wp","href":"https:\/\/api.w.org\/{rel}","templated":true}]}}