{"id":243,"date":"2025-09-26T21:41:52","date_gmt":"2025-09-26T21:41:52","guid":{"rendered":"https:\/\/familieundbildungworb.ch\/?page_id=243"},"modified":"2025-10-01T13:04:55","modified_gmt":"2025-10-01T13:04:55","slug":"heidi-mosimann","status":"publish","type":"page","link":"https:\/\/familieundbildungworb.ch\/?page_id=243","title":{"rendered":"Heidi Mosimann"},"content":{"rendered":"<p>[et_pb_section fb_built=&#8220;1&#8243; specialty=&#8220;on&#8220; padding_top_1=&#8220;110px&#8220; padding_top_bottom_link_1=&#8220;false&#8220; padding_1_tablet=&#8220;|||&#8220; padding_1_last_edited=&#8220;off|desktop&#8220; admin_label=&#8220;Header&#8220; _builder_version=&#8220;4.16&#8243; background_enable_image=&#8220;off&#8220; background_size=&#8220;initial&#8220; background_position=&#8220;top_left&#8220; custom_padding=&#8220;100px|0px|54px|0px|false|false&#8220; global_colors_info=&#8220;{}&#8220;][et_pb_column type=&#8220;1_2&#8243; _builder_version=&#8220;4.16&#8243; custom_padding=&#8220;|||&#8220; global_colors_info=&#8220;{}&#8220; custom_padding__hover=&#8220;|||&#8220;][et_pb_text _builder_version=&#8220;4.27.4&#8243; text_font=&#8220;Verdana||||||||&#8220; text_text_color=&#8220;#000000&#8243; text_font_size=&#8220;16px&#8220; text_line_height=&#8220;2em&#8220; header_font=&#8220;Verdana||||||||&#8220; header_font_size=&#8220;50px&#8220; header_line_height=&#8220;1.5em&#8220; header_2_font=&#8220;||||||||&#8220; header_2_text_color=&#8220;#000000&#8243; header_2_font_size=&#8220;24px&#8220; header_2_line_height=&#8220;1.3em&#8220; header_6_font=&#8220;||||||||&#8220; max_width_last_edited=&#8220;off|desktop&#8220; module_alignment=&#8220;center&#8220; custom_margin=&#8220;-50px||80px||false|false&#8220; custom_padding=&#8220;|||&#8220; text_font_size_tablet=&#8220;&#8220; text_font_size_phone=&#8220;14px&#8220; text_font_size_last_edited=&#8220;on|desktop&#8220; header_font_size_tablet=&#8220;50px&#8220; header_font_size_phone=&#8220;32px&#8220; header_font_size_last_edited=&#8220;on|phone&#8220; header_2_font_size_tablet=&#8220;&#8220; header_2_font_size_phone=&#8220;20px&#8220; header_2_font_size_last_edited=&#8220;on|desktop&#8220; locked=&#8220;off&#8220; global_colors_info=&#8220;{}&#8220;]<\/p>\n<h1><\/h1>\n<h1><\/h1>\n<h1><\/h1>\n<h1><\/h1>\n<h1><\/h1>\n<h1><\/h1>\n<h1><\/h1>\n<h1>Heidi Mosimann<\/h1>\n<h2>Sozialarbeiterin FH<\/h2>\n<p>&nbsp;<\/p>\n<p>Masterstudium Soziale Arbeit<\/p>\n<p class=\"x_MsoNormal\">Nachdiplomstudien in Feministisch Reflektierter Sozialer Arbeit<\/p>\n<p>&nbsp;<\/p>\n<p>[\/et_pb_text][\/et_pb_column][et_pb_column type=&#8220;1_2&#8243; specialty_columns=&#8220;2&#8243; _builder_version=&#8220;4.16&#8243; custom_padding=&#8220;|||&#8220; global_colors_info=&#8220;{}&#8220; custom_padding__hover=&#8220;|||&#8220;][et_pb_row_inner _builder_version=&#8220;4.16&#8243; custom_margin_tablet=&#8220;100px|||&#8220; custom_margin_phone=&#8220;&#8220; custom_margin_last_edited=&#8220;on|phone&#8220; custom_padding=&#8220;0|0px|0|0px|true|false&#8220; box_shadow_style=&#8220;preset4&#8243; box_shadow_horizontal=&#8220;260px&#8220; box_shadow_vertical=&#8220;-100px&#8220; box_shadow_color=&#8220;#e4edea&#8220; global_colors_info=&#8220;{}&#8220;][et_pb_column_inner saved_specialty_column_type=&#8220;1_2&#8243; _builder_version=&#8220;4.16&#8243; custom_padding=&#8220;|||&#8220; global_colors_info=&#8220;{}&#8220; custom_padding__hover=&#8220;|||&#8220;][et_pb_image src=&#8220;https:\/\/familieundbildungworb.ch\/wp-content\/uploads\/2025\/09\/Heidi_Mosimann_2025-1-1.jpg&#8220; title_text=&#8220;Heidi_Mosimann_2025 (1)&#8220; align_tablet=&#8220;center&#8220; align_phone=&#8220;center&#8220; align_last_edited=&#8220;on|desktop&#8220; _builder_version=&#8220;4.27.4&#8243; animation_style=&#8220;zoom&#8220; animation_intensity_zoom=&#8220;5%&#8220; border_width_all=&#8220;24px&#8220; border_color_all=&#8220;#ffffff&#8220; box_shadow_style=&#8220;preset3&#8243; box_shadow_vertical=&#8220;70px&#8220; box_shadow_blur=&#8220;150px&#8220; box_shadow_color=&#8220;rgba(0,0,0,0.2)&#8220; locked=&#8220;off&#8220; global_colors_info=&#8220;{}&#8220;][\/et_pb_image][\/et_pb_column_inner][\/et_pb_row_inner][\/et_pb_column][\/et_pb_section][et_pb_section fb_built=&#8220;1&#8243; _builder_version=&#8220;4.27.4&#8243; _module_preset=&#8220;default&#8220; min_height=&#8220;622.8px&#8220; custom_margin=&#8220;-112px||||false|false&#8220; hover_enabled=&#8220;0&#8243; global_colors_info=&#8220;{}&#8220; sticky_enabled=&#8220;0&#8243;][et_pb_row use_custom_gutter=&#8220;on&#8220; gutter_width=&#8220;2&#8243; _builder_version=&#8220;4.16&#8243; global_colors_info=&#8220;{}&#8220;][et_pb_column type=&#8220;4_4&#8243; _builder_version=&#8220;4.16&#8243; custom_padding=&#8220;|||&#8220; global_colors_info=&#8220;{}&#8220; custom_padding__hover=&#8220;|||&#8220;][et_pb_team_member icon_color=&#8220;#44d89e&#8220; _builder_version=&#8220;4.27.4&#8243; header_font=&#8220;Poppins|500|||||||&#8220; header_text_color=&#8220;#486066&#8243; header_font_size=&#8220;18px&#8220; body_font=&#8220;Verdana||||||||&#8220; body_text_color=&#8220;#000000&#8243; body_font_size=&#8220;16px&#8220; body_line_height=&#8220;1.8em&#8220; background_color=&#8220;#f9f9f9&#8243; text_orientation=&#8220;center&#8220; custom_margin=&#8220;-30px||||false|false&#8220; custom_padding=&#8220;30px|30px|30px|30px&#8220; animation_style=&#8220;fade&#8220; animation_delay=&#8220;100ms&#8220; border_radii=&#8220;on|6px|6px|6px|6px&#8220; border_width_all=&#8220;20px&#8220; border_color_all=&#8220;#FFFFFF&#8220; box_shadow_style=&#8220;preset1&#8243; box_shadow_vertical=&#8220;10px&#8220; box_shadow_blur=&#8220;24px&#8220; box_shadow_spread=&#8220;6px&#8220; box_shadow_color=&#8220;rgba(0,0,0,0.06)&#8220; icon_hover_color=&#8220;#353740&#8243; global_colors_info=&#8220;{}&#8220; icon_color__hover=&#8220;#353740&#8243; icon_color__hover_enabled=&#8220;on&#8220;]<\/p>\n<p style=\"text-align: left;\">Sozialarbeiterin FH, Masterstudium Soziale Arbeit, Nachdiplomstudien in Feministisch Reflektierter Sozialer Arbeit und in Diversity-Management. Erfahrung in der Migrations-, Gemeinwesen- und Projektarbeit. Langj\u00e4hrige Leitung eines interkulturellen Frauentreffs (KARIBU Zollikofen) sowie eines Quartierzentrums, Projektmitarbeiterin bei der Fachstelle Sozialarbeit kath. Kirche Bern und der Integrationsfachstelle Kanton Luzern. Bereichsleiterin Beratung und Information bei der Informationsstelle f\u00fcr Ausl\u00e4nder:innenfragen Bern. Grundausbildung als Kaufm\u00e4nnische Angestellte.<\/p>\n<p>[\/et_pb_team_member][\/et_pb_column][\/et_pb_row][\/et_pb_section]<\/p>\n","protected":false},"excerpt":{"rendered":"<p>Heidi Mosimann Sozialarbeiterin FH &nbsp; Masterstudium Soziale Arbeit Nachdiplomstudien in Feministisch Reflektierter Sozialer Arbeit &nbsp;Sozialarbeiterin FH, Masterstudium Soziale Arbeit, Nachdiplomstudien in Feministisch Reflektierter Sozialer Arbeit und in Diversity-Management. Erfahrung in der Migrations-, Gemeinwesen- und Projektarbeit. Langj\u00e4hrige Leitung eines interkulturellen Frauentreffs (KARIBU Zollikofen) sowie eines Quartierzentrums, Projektmitarbeiterin bei der Fachstelle Sozialarbeit kath. Kirche Bern und der [&hellip;]<\/p>\n","protected":false},"author":2,"featured_media":0,"parent":0,"menu_order":0,"comment_status":"closed","ping_status":"closed","template":"","meta":{"_et_pb_use_builder":"on","_et_pb_old_content":"<!-- wp:divi\/placeholder \/-->","_et_gb_content_width":"","footnotes":""},"class_list":["post-243","page","type-page","status-publish","hentry"],"_links":{"self":[{"href":"https:\/\/familieundbildungworb.ch\/index.php?rest_route=\/wp\/v2\/pages\/243","targetHints":{"allow":["GET"]}}],"collection":[{"href":"https:\/\/familieundbildungworb.ch\/index.php?rest_route=\/wp\/v2\/pages"}],"about":[{"href":"https:\/\/familieundbildungworb.ch\/index.php?rest_route=\/wp\/v2\/types\/page"}],"author":[{"embeddable":true,"href":"https:\/\/familieundbildungworb.ch\/index.php?rest_route=\/wp\/v2\/users\/2"}],"replies":[{"embeddable":true,"href":"https:\/\/familieundbildungworb.ch\/index.php?rest_route=%2Fwp%2Fv2%2Fcomments&post=243"}],"version-history":[{"count":5,"href":"https:\/\/familieundbildungworb.ch\/index.php?rest_route=\/wp\/v2\/pages\/243\/revisions"}],"predecessor-version":[{"id":419,"href":"https:\/\/familieundbildungworb.ch\/index.php?rest_route=\/wp\/v2\/pages\/243\/revisions\/419"}],"wp:attachment":[{"href":"https:\/\/familieundbildungworb.ch\/index.php?rest_route=%2Fwp%2Fv2%2Fmedia&parent=243"}],"curies":[{"name":"wp","href":"https:\/\/api.w.org\/{rel}","templated":true}]}}