{"id":256,"date":"2025-09-27T10:37:38","date_gmt":"2025-09-27T10:37:38","guid":{"rendered":"https:\/\/familieundbildungworb.ch\/?page_id=256"},"modified":"2026-02-01T12:42:20","modified_gmt":"2026-02-01T12:42:20","slug":"homepage-2","status":"publish","type":"page","link":"https:\/\/familieundbildungworb.ch\/","title":{"rendered":"Home"},"content":{"rendered":"<p>[et_pb_section fb_built=&#8220;1&#8243; admin_label=&#8220;Coffee Menu&#8220; _builder_version=&#8220;4.27.4&#8243; background_image=&#8220;https:\/\/familieundbildungworb.ch\/wp-content\/uploads\/2025\/09\/Generated-Image-September-30-2025-8_51PM.png&#8220; custom_padding=&#8220;100px|100px|500px|100px|false|false&#8220; global_colors_info=&#8220;{}&#8220;][\/et_pb_section][et_pb_section fb_built=&#8220;1&#8243; admin_label=&#8220;Packages&#8220; module_class=&#8220; et_pb_specialty_fullwidth&#8220; _builder_version=&#8220;4.16&#8243; background_color=&#8220;#f2f4f3&#8243; max_width=&#8220;1080px&#8220; module_alignment=&#8220;center&#8220; inner_width_tablet=&#8220;80%&#8220; inner_width_phone=&#8220;80%&#8220; inner_width_last_edited=&#8220;on|desktop&#8220; inner_max_width_tablet=&#8220;80%&#8220; inner_max_width_phone=&#8220;80%&#8220; inner_max_width_last_edited=&#8220;on|desktop&#8220; custom_margin=&#8220;-150px|10%|50px|10%|false|true&#8220; custom_padding=&#8220;||7px||false|false&#8220; animation_style=&#8220;zoom&#8220; animation_intensity_zoom=&#8220;5%&#8220; border_width_all=&#8220;20px&#8220; border_color_all=&#8220;#ffffff&#8220; box_shadow_style=&#8220;preset3&#8243; box_shadow_vertical=&#8220;70px&#8220; box_shadow_blur=&#8220;150px&#8220; box_shadow_color=&#8220;rgba(0,0,0,0.2)&#8220; make_fullwidth=&#8220;on&#8220; global_colors_info=&#8220;{}&#8220;][et_pb_row _builder_version=&#8220;4.16&#8243; width=&#8220;90%&#8220; max_width=&#8220;90%&#8220; custom_margin=&#8220;-50px||||false|false&#8220; use_custom_width=&#8220;on&#8220; width_unit=&#8220;off&#8220; custom_width_percent=&#8220;90%&#8220; locked=&#8220;off&#8220; global_colors_info=&#8220;{}&#8220;][et_pb_column type=&#8220;4_4&#8243; _builder_version=&#8220;4.16&#8243; custom_padding=&#8220;|||&#8220; global_colors_info=&#8220;{}&#8220; custom_padding__hover=&#8220;|||&#8220;][et_pb_text _builder_version=&#8220;4.27.4&#8243; text_font=&#8220;Verdana||||||||&#8220; text_text_color=&#8220;#000000&#8243; text_font_size=&#8220;20px&#8220; header_font=&#8220;Verdana||||||||&#8220; header_3_font=&#8220;Verdana||||||||&#8220; header_3_text_align=&#8220;center&#8220; header_3_text_color=&#8220;#000000&#8243; header_3_font_size=&#8220;36px&#8220; header_3_line_height=&#8220;1.5em&#8220; custom_margin=&#8220;||0px||false|false&#8220; header_3_font_size_last_edited=&#8220;off|desktop&#8220; inline_fonts=&#8220;Montserrat&#8220; global_colors_info=&#8220;{}&#8220;]<\/p>\n<h3 style=\"text-align: center;\">Herzlich Willkommen bei FaBiWorb<\/h3>\n<p style=\"text-align: center;\">Verein Familie und Bildung Worb<\/p>\n<p>[\/et_pb_text][et_pb_text _builder_version=&#8220;4.27.4&#8243; text_font=&#8220;Verdana||||||||&#8220; text_font_size=&#8220;18px&#8220; header_font=&#8220;||||||||&#8220; header_4_font=&#8220;Playfair Display SC||||||||&#8220; header_4_font_size=&#8220;22px&#8220; header_4_line_height=&#8220;1.5em&#8220; header_5_font=&#8220;|600|||||||&#8220; header_5_font_size=&#8220;14px&#8220; header_5_line_height=&#8220;1.4em&#8220; header_4_font_size_tablet=&#8220;&#8220; header_4_font_size_phone=&#8220;&#8220; header_4_font_size_last_edited=&#8220;on|phone&#8220; inline_fonts=&#8220;Montserrat&#8220; global_colors_info=&#8220;{}&#8220;]<\/p>\n<p style=\"text-align: center;\">\n<p style=\"text-align: center;\">FaBiWorb hilft die Situation von Eltern und Kindern in Worb und Umgebung zu verbessern.<\/p>\n<ul>\n<li>Bildungsangeboten f\u00fcr Eltern mit und ohne Migrationserfahrung<\/li>\n<li>Fr\u00fchf\u00f6rderungsangeboten f\u00fcr Kinder von 0 \u2013 6 Jahre<\/li>\n<li>Begegnungsm\u00f6glichkeiten zwischen Eltern, unabh\u00e4ngig von Nationalit\u00e4t, Herkunft, Alter etc.<\/li>\n<\/ul>\n<p>.<\/p>\n<p>[\/et_pb_text][\/et_pb_column][\/et_pb_row][\/et_pb_section][et_pb_section fb_built=&#8220;1&#8243; admin_label=&#8220;Packages&#8220; module_class=&#8220; et_pb_specialty_fullwidth&#8220; _builder_version=&#8220;4.27.4&#8243; background_color=&#8220;#f2f4f3&#8243; max_width=&#8220;1080px&#8220; module_alignment=&#8220;center&#8220; inner_width_tablet=&#8220;80%&#8220; inner_width_phone=&#8220;80%&#8220; inner_width_last_edited=&#8220;on|desktop&#8220; inner_max_width_tablet=&#8220;80%&#8220; inner_max_width_phone=&#8220;80%&#8220; inner_max_width_last_edited=&#8220;on|desktop&#8220; custom_margin=&#8220;0px|10%|50px|10%|false|true&#8220; custom_padding=&#8220;||7px||false|false&#8220; animation_style=&#8220;zoom&#8220; animation_intensity_zoom=&#8220;5%&#8220; border_width_all=&#8220;20px&#8220; border_color_all=&#8220;#ffffff&#8220; box_shadow_style=&#8220;preset3&#8243; box_shadow_vertical=&#8220;70px&#8220; box_shadow_blur=&#8220;150px&#8220; box_shadow_color=&#8220;rgba(0,0,0,0.2)&#8220; make_fullwidth=&#8220;on&#8220; global_colors_info=&#8220;{}&#8220;][et_pb_row _builder_version=&#8220;4.27.4&#8243; width=&#8220;90%&#8220; max_width=&#8220;90%&#8220; custom_margin=&#8220;-50px||||false|false&#8220; use_custom_width=&#8220;on&#8220; width_unit=&#8220;off&#8220; custom_width_percent=&#8220;90%&#8220; locked=&#8220;off&#8220; global_colors_info=&#8220;{}&#8220;][et_pb_column type=&#8220;4_4&#8243; _builder_version=&#8220;4.16&#8243; custom_padding=&#8220;|||&#8220; global_colors_info=&#8220;{}&#8220; custom_padding__hover=&#8220;|||&#8220;][et_pb_text _builder_version=&#8220;4.27.4&#8243; text_font=&#8220;Verdana||||||||&#8220; text_font_size=&#8220;18px&#8220; header_font=&#8220;||||||||&#8220; header_4_font=&#8220;Playfair Display SC||||||||&#8220; header_4_font_size=&#8220;22px&#8220; header_4_line_height=&#8220;1.5em&#8220; header_5_font=&#8220;|600|||||||&#8220; header_5_font_size=&#8220;14px&#8220; header_5_line_height=&#8220;1.4em&#8220; header_4_font_size_tablet=&#8220;&#8220; header_4_font_size_phone=&#8220;&#8220; header_4_font_size_last_edited=&#8220;on|phone&#8220; inline_fonts=&#8220;Montserrat&#8220; global_colors_info=&#8220;{}&#8220;]<\/p>\n<p style=\"text-align: center;\"><strong>UNSERE VISION<\/strong><\/p>\n<p style=\"text-align: center;\">Dank Elternbildung und Fr\u00fchf\u00f6rderung Chancengleichheit f\u00fcr alle Kinder in Worb!<\/p>\n<p style=\"text-align: center;\">Wir arbeiten eng mit regionalen und kantonalen Akteur:innen zusammen und legen Wert darauf, dass keine bestehenden Angebote konkurrenziert werden.<\/p>\n<p>&nbsp;<\/p>\n<p><strong>Aktivit\u00e4ten sind zum Beispiel<\/strong><\/p>\n<ul>\n<li>Elternbildungskurse, Elternbildung von und f\u00fcr Migrant:innen<\/li>\n<li>Fr\u00fchf\u00f6rderung f\u00fcr Kinder im Alter von 0 \u2013 6 Jahre z.B. Mutter-Kind-Gruppe<\/li>\n<li>Begegnungsorte schaffen z.B. MitSpielplatz, Info mal anders<\/li>\n<li>Austausch zwischen Migrant:Innen und Schweizer:innen z.B. Schweizerischer Vorlesetag<\/li>\n<li>Lobbying f\u00fcr ein Familien-\/Generationenzentrum in Worb<\/li>\n<li>Bestehende Angebote von Elternbildungsorganisationen wie z.B. Chindernetz\/ElternLehre, famira u.a. in die Region holen<\/li>\n<\/ul>\n<p>.<\/p>\n<p>[\/et_pb_text][\/et_pb_column][\/et_pb_row][\/et_pb_section][et_pb_section fb_built=&#8220;1&#8243; admin_label=&#8220;Packages&#8220; module_class=&#8220; et_pb_specialty_fullwidth&#8220; _builder_version=&#8220;4.27.4&#8243; background_color=&#8220;#f2f4f3&#8243; max_width=&#8220;1080px&#8220; module_alignment=&#8220;center&#8220; inner_width_tablet=&#8220;80%&#8220; inner_width_phone=&#8220;80%&#8220; inner_width_last_edited=&#8220;on|desktop&#8220; inner_max_width_tablet=&#8220;80%&#8220; inner_max_width_phone=&#8220;80%&#8220; inner_max_width_last_edited=&#8220;on|desktop&#8220; custom_margin=&#8220;0px|10%|50px|10%|false|true&#8220; custom_padding=&#8220;||7px||false|false&#8220; animation_style=&#8220;zoom&#8220; animation_intensity_zoom=&#8220;5%&#8220; border_width_all=&#8220;20px&#8220; border_color_all=&#8220;#ffffff&#8220; box_shadow_style=&#8220;preset3&#8243; box_shadow_vertical=&#8220;70px&#8220; box_shadow_blur=&#8220;150px&#8220; box_shadow_color=&#8220;rgba(0,0,0,0.2)&#8220; make_fullwidth=&#8220;on&#8220; global_colors_info=&#8220;{}&#8220;][et_pb_row _builder_version=&#8220;4.27.4&#8243; width=&#8220;90%&#8220; max_width=&#8220;90%&#8220; custom_margin=&#8220;-50px||||false|false&#8220; use_custom_width=&#8220;on&#8220; width_unit=&#8220;off&#8220; custom_width_percent=&#8220;90%&#8220; locked=&#8220;off&#8220; global_colors_info=&#8220;{}&#8220;][et_pb_column type=&#8220;4_4&#8243; _builder_version=&#8220;4.16&#8243; custom_padding=&#8220;|||&#8220; global_colors_info=&#8220;{}&#8220; custom_padding__hover=&#8220;|||&#8220;][et_pb_image src=&#8220;https:\/\/familieundbildungworb.ch\/wp-content\/uploads\/2025\/10\/IMG_9047-Livingdome-Foto-scaled-e1759693793792.jpeg&#8220; title_text=&#8220;IMG_9047 Livingdome Foto&#8220; _builder_version=&#8220;4.27.4&#8243; _module_preset=&#8220;default&#8220; global_colors_info=&#8220;{}&#8220;][\/et_pb_image][\/et_pb_column][\/et_pb_row][\/et_pb_section][et_pb_section fb_built=&#8220;1&#8243; admin_label=&#8220;Packages&#8220; module_class=&#8220; et_pb_specialty_fullwidth&#8220; _builder_version=&#8220;4.27.4&#8243; background_color=&#8220;#f2f4f3&#8243; max_width=&#8220;1080px&#8220; module_alignment=&#8220;center&#8220; inner_width_tablet=&#8220;80%&#8220; inner_width_phone=&#8220;80%&#8220; inner_width_last_edited=&#8220;on|desktop&#8220; inner_max_width_tablet=&#8220;80%&#8220; inner_max_width_phone=&#8220;80%&#8220; inner_max_width_last_edited=&#8220;on|desktop&#8220; custom_margin=&#8220;0px|10%|50px|10%|false|true&#8220; custom_padding=&#8220;||7px||false|false&#8220; animation_style=&#8220;zoom&#8220; animation_intensity_zoom=&#8220;5%&#8220; border_width_all=&#8220;20px&#8220; border_color_all=&#8220;#ffffff&#8220; box_shadow_style=&#8220;preset3&#8243; box_shadow_vertical=&#8220;70px&#8220; box_shadow_blur=&#8220;150px&#8220; box_shadow_color=&#8220;rgba(0,0,0,0.2)&#8220; make_fullwidth=&#8220;on&#8220; global_colors_info=&#8220;{}&#8220;][et_pb_row _builder_version=&#8220;4.27.4&#8243; width=&#8220;90%&#8220; max_width=&#8220;90%&#8220; custom_margin=&#8220;-50px||||false|false&#8220; use_custom_width=&#8220;on&#8220; width_unit=&#8220;off&#8220; custom_width_percent=&#8220;90%&#8220; locked=&#8220;off&#8220; global_colors_info=&#8220;{}&#8220;][et_pb_column type=&#8220;4_4&#8243; _builder_version=&#8220;4.16&#8243; custom_padding=&#8220;|||&#8220; global_colors_info=&#8220;{}&#8220; custom_padding__hover=&#8220;|||&#8220;][et_pb_text _builder_version=&#8220;4.27.4&#8243; text_font=&#8220;Verdana||||||||&#8220; text_font_size=&#8220;18px&#8220; header_font=&#8220;||||||||&#8220; header_4_font=&#8220;Playfair Display SC||||||||&#8220; header_4_font_size=&#8220;22px&#8220; header_4_line_height=&#8220;1.5em&#8220; header_5_font=&#8220;|600|||||||&#8220; header_5_font_size=&#8220;14px&#8220; header_5_line_height=&#8220;1.4em&#8220; header_4_font_size_tablet=&#8220;&#8220; header_4_font_size_phone=&#8220;&#8220; header_4_font_size_last_edited=&#8220;on|phone&#8220; inline_fonts=&#8220;Montserrat&#8220; global_colors_info=&#8220;{}&#8220;]<\/p>\n<p>&nbsp;<\/p>\n<p style=\"text-align: center;\"><strong>Vernetzungst\u00e4tigkeit und Sensibilisierung<\/strong><\/p>\n<p>Der Verein f\u00f6rdert die Vernetzung der verschiedenen Akteur:innen im Bereich der Fr\u00fchf\u00f6rderung und der Elternbildung. Er sensibilisiert f\u00fcr die Anliegen von Eltern und spezifisch auch f\u00fcr Eltern mit Migrationserfahrung. Er setzt sich ein f\u00fcr ein friedliches Zusammenleben aller Generationen und Nationalit\u00e4ten. Er f\u00f6rdert mit verschiedenen Aktivit\u00e4ten wie dem MitSpielplatz, der Mitarbeit bei Jetzt.da Partizipation im Dorf etc. den Austausch und erm\u00f6glicht Begegnungen.<\/p>\n<p>&nbsp;<\/p>\n<p style=\"text-align: center;\"><strong>Familien- \/ Generationenzentrum<\/strong><\/p>\n<p>FaBiWorb setzt sich ein f\u00fcr ein Familien- bzw. Generationenzentrum. Ziel ist es, die verschiedenen Angebote aus den Bereichen Familie, Alter, Jugend unter einem Dach (Familien-\/Generationenzentrum) zu vereinen. Hier wird eng mit der Beh\u00f6rde und der Politik der zusammengearbeitet, da die Gemeinde plant, Abkl\u00e4rungen f\u00fcr die Einf\u00fchrung eines entsprechenden Angebotes zu treffen.<\/p>\n<p>.<\/p>\n<p>[\/et_pb_text][\/et_pb_column][\/et_pb_row][\/et_pb_section][et_pb_section fb_built=&#8220;1&#8243; admin_label=&#8220;Footer&#8220; _builder_version=&#8220;4.27.4&#8243; background_color_gradient_direction=&#8220;90deg&#8220; background_enable_image=&#8220;off&#8220; parallax=&#8220;on&#8220; custom_padding=&#8220;0px|0px|0px|0px&#8220; saved_tabs=&#8220;all&#8220; locked=&#8220;off&#8220; global_colors_info=&#8220;{}&#8220;][et_pb_row column_structure=&#8220;1_2,1_2&#8243; use_custom_gutter=&#8220;on&#8220; gutter_width=&#8220;1&#8243; make_equal=&#8220;on&#8220; admin_label=&#8220;Footer Row&#8220; module_class=&#8220; et_pb_row_fullwidth&#8220; _builder_version=&#8220;4.27.4&#8243; width=&#8220;100%&#8220; width_tablet=&#8220;100%&#8220; width_phone=&#8220;100%&#8220; width_last_edited=&#8220;on|desktop&#8220; max_width=&#8220;100%&#8220; max_width_tablet=&#8220;100%&#8220; max_width_phone=&#8220;100%&#8220; max_width_last_edited=&#8220;on|desktop&#8220; custom_margin=&#8220;|||&#8220; custom_padding=&#8220;0px|0px|0px|0px&#8220; animation_style=&#8220;fade&#8220; make_fullwidth=&#8220;on&#8220; global_colors_info=&#8220;{}&#8220;][et_pb_column type=&#8220;1_2&#8243; _builder_version=&#8220;4.27.4&#8243; background_color=&#8220;#DFB758&#8243; custom_padding=&#8220;100px|10%|100px|10%&#8220; custom_padding_tablet=&#8220;100px|10%|100px|10%&#8220; custom_padding_phone=&#8220;100px|10%|100px|10%&#8220; custom_padding_last_edited=&#8220;on|phone&#8220; global_colors_info=&#8220;{}&#8220; padding_last_edited=&#8220;on|phone&#8220; custom_padding__hover=&#8220;|||&#8220;][et_pb_image src=&#8220;https:\/\/familieundbildungworb.ch\/wp-content\/uploads\/2025\/07\/Logo-Fam-und-Bildung-Worb-def.-2.jpg&#8220; title_text=&#8220;Logo Fam und Bildung Worb def. 2&#8243; _builder_version=&#8220;4.27.4&#8243; _module_preset=&#8220;default&#8220; border_radii=&#8220;on|6px|6px|6px|6px&#8220; global_colors_info=&#8220;{}&#8220;][\/et_pb_image][et_pb_text _builder_version=&#8220;4.27.4&#8243; _module_preset=&#8220;default&#8220; text_font=&#8220;Verdana||||||||&#8220; text_text_color=&#8220;#000000&#8243; text_font_size=&#8220;16px&#8220; text_line_height=&#8220;2em&#8220; global_colors_info=&#8220;{}&#8220;]<\/p>\n<p>&nbsp;<\/p>\n<p>&nbsp;<\/p>\n<p style=\"text-align: center;\">\u00abFr\u00fchf\u00f6rderung ist am Wirksamten, wenn sie bereits beim Kleinkind startet und die Eltern stark einbezieht\u00bb (Leitfaden Fr\u00fchf\u00f6rderung Kanton Bern)<\/p>\n<p>[\/et_pb_text][\/et_pb_column][et_pb_column type=&#8220;1_2&#8243; _builder_version=&#8220;4.16&#8243; background_color=&#8220;#000000&#8243; custom_padding=&#8220;100px|10%|100px|10%&#8220; global_colors_info=&#8220;{}&#8220; custom_padding__hover=&#8220;|||&#8220;][et_pb_text admin_label=&#8220;Texts&#8220; _builder_version=&#8220;4.27.4&#8243; text_font=&#8220;Oswald||||&#8220; link_font=&#8220;||||||||&#8220; ul_font=&#8220;||||||||&#8220; ol_font=&#8220;||||||||&#8220; quote_font=&#8220;||||||||&#8220; header_font=&#8220;||||||||&#8220; header_2_font=&#8220;Oswald|||on|||||&#8220; header_2_text_align=&#8220;left&#8220; header_2_font_size=&#8220;40px&#8220; header_2_letter_spacing=&#8220;2px&#8220; header_2_line_height=&#8220;1.5em&#8220; background_layout=&#8220;dark&#8220; custom_margin=&#8220;||4%|&#8220; custom_padding=&#8220;|||&#8220; locked=&#8220;off&#8220; global_colors_info=&#8220;{}&#8220;]<\/p>\n<h2>Kontakt<\/h2>\n<p>&nbsp;<\/p>\n<p>[\/et_pb_text][et_pb_text admin_label=&#8220;Texts&#8220; _builder_version=&#8220;4.27.5&#8243; text_font=&#8220;Verdana||||||||&#8220; text_font_size=&#8220;20px&#8220; header_font=&#8220;Oswald|||on|&#8220; header_text_color=&#8220;#DCA57D&#8220; header_font_size=&#8220;16px&#8220; header_letter_spacing=&#8220;2px&#8220; header_line_height=&#8220;1.7em&#8220; header_4_font=&#8220;Oswald|||on|||||&#8220; header_4_text_color=&#8220;#DCA57D&#8220; header_4_font_size=&#8220;16px&#8220; header_4_letter_spacing=&#8220;1px&#8220; header_4_line_height=&#8220;1.5em&#8220; background_layout=&#8220;dark&#8220; custom_margin=&#8220;||6%|&#8220; hover_enabled=&#8220;0&#8243; locked=&#8220;off&#8220; global_colors_info=&#8220;{}&#8220; sticky_enabled=&#8220;0&#8243;]<\/p>\n<h2><span style=\"color: #ffcc00;\">Telefon<\/span><\/h2>\n<p>077 241 68 83<\/p>\n<p>[\/et_pb_text][et_pb_text admin_label=&#8220;Texts&#8220; _builder_version=&#8220;4.27.4&#8243; text_font=&#8220;Verdana||||||||&#8220; text_font_size=&#8220;20px&#8220; header_font=&#8220;Verdana|||on|||||&#8220; header_text_color=&#8220;#E09900&#8243; header_font_size=&#8220;16px&#8220; header_letter_spacing=&#8220;2px&#8220; header_line_height=&#8220;1.7em&#8220; header_4_font=&#8220;Oswald|||on|||||&#8220; header_4_text_color=&#8220;#DCA57D&#8220; header_4_font_size=&#8220;16px&#8220; header_4_letter_spacing=&#8220;1px&#8220; header_4_line_height=&#8220;1.5em&#8220; background_layout=&#8220;dark&#8220; custom_margin=&#8220;||6%|&#8220; locked=&#8220;off&#8220; global_colors_info=&#8220;{}&#8220;]<\/p>\n<h2><span style=\"color: #ffcc00;\">Mail<\/span><\/h2>\n<p>info@familieundbildungworb.ch<\/p>\n<p>[\/et_pb_text][et_pb_text admin_label=&#8220;Texts&#8220; _builder_version=&#8220;4.27.4&#8243; text_font=&#8220;Verdana||||||||&#8220; text_font_size=&#8220;18px&#8220; text_line_height=&#8220;1.5em&#8220; header_font=&#8220;Oswald|||on|&#8220; header_text_color=&#8220;#DCA57D&#8220; header_font_size=&#8220;16px&#8220; header_letter_spacing=&#8220;2px&#8220; header_line_height=&#8220;1.7em&#8220; header_4_font=&#8220;Oswald|||on|||||&#8220; header_4_text_color=&#8220;#DCA57D&#8220; header_4_font_size=&#8220;16px&#8220; header_4_letter_spacing=&#8220;1px&#8220; header_4_line_height=&#8220;1.5em&#8220; background_layout=&#8220;dark&#8220; custom_margin=&#8220;||6%|&#8220; locked=&#8220;off&#8220; global_colors_info=&#8220;{}&#8220;]<\/p>\n<h3><span style=\"color: #ffcc00;\">Adresse<\/span><\/h3>\n<p>Familie und Bildung Worb, FaBiWorb<\/p>\n<p>Heidi Mosimann &amp; \u015eeng\u00fcl Ata\u00e7<\/p>\n<p>3076 Worb<\/p>\n<p>[\/et_pb_text][\/et_pb_column][\/et_pb_row][et_pb_row _builder_version=&#8220;4.27.4&#8243; _module_preset=&#8220;default&#8220; width=&#8220;100%&#8220; max_width=&#8220;1090px&#8220; global_colors_info=&#8220;{}&#8220;][et_pb_column type=&#8220;4_4&#8243; _builder_version=&#8220;4.27.4&#8243; _module_preset=&#8220;default&#8220; global_colors_info=&#8220;{}&#8220;][et_pb_text _builder_version=&#8220;4.27.4&#8243; _module_preset=&#8220;default&#8220; text_font=&#8220;Verdana||||||||&#8220; text_font_size=&#8220;15px&#8220; text_letter_spacing=&#8220;1px&#8220; global_colors_info=&#8220;{}&#8220;]<\/p>\n<p style=\"text-align: center;\">Wir nehmen auch gerne Ihre\u00a0Spenden\u00a0entgegen. Berner Kantonalbank Worb, FaBiWorb, 3076 Worb<\/p>\n<p style=\"text-align: center;\"><strong>IBAN\u00a0CH12 0079 0016 6273 29810<\/strong><\/p>\n<p>[\/et_pb_text][\/et_pb_column][\/et_pb_row][\/et_pb_section]<\/p>\n","protected":false},"excerpt":{"rendered":"<p>Herzlich Willkommen bei FaBiWorb Verein Familie und Bildung Worb FaBiWorb hilft die Situation von Eltern und Kindern in Worb und Umgebung zu verbessern. Bildungsangeboten f\u00fcr Eltern mit und ohne Migrationserfahrung Fr\u00fchf\u00f6rderungsangeboten f\u00fcr Kinder von 0 \u2013 6 Jahre Begegnungsm\u00f6glichkeiten zwischen Eltern, unabh\u00e4ngig von Nationalit\u00e4t, Herkunft, Alter etc. .UNSERE VISION Dank Elternbildung und Fr\u00fchf\u00f6rderung Chancengleichheit f\u00fcr [&hellip;]<\/p>\n","protected":false},"author":2,"featured_media":0,"parent":0,"menu_order":0,"comment_status":"closed","ping_status":"closed","template":"","meta":{"_et_pb_use_builder":"on","_et_pb_old_content":"<!-- wp:divi\/placeholder \/-->","_et_gb_content_width":"","footnotes":""},"class_list":["post-256","page","type-page","status-publish","hentry"],"_links":{"self":[{"href":"https:\/\/familieundbildungworb.ch\/index.php?rest_route=\/wp\/v2\/pages\/256","targetHints":{"allow":["GET"]}}],"collection":[{"href":"https:\/\/familieundbildungworb.ch\/index.php?rest_route=\/wp\/v2\/pages"}],"about":[{"href":"https:\/\/familieundbildungworb.ch\/index.php?rest_route=\/wp\/v2\/types\/page"}],"author":[{"embeddable":true,"href":"https:\/\/familieundbildungworb.ch\/index.php?rest_route=\/wp\/v2\/users\/2"}],"replies":[{"embeddable":true,"href":"https:\/\/familieundbildungworb.ch\/index.php?rest_route=%2Fwp%2Fv2%2Fcomments&post=256"}],"version-history":[{"count":50,"href":"https:\/\/familieundbildungworb.ch\/index.php?rest_route=\/wp\/v2\/pages\/256\/revisions"}],"predecessor-version":[{"id":749,"href":"https:\/\/familieundbildungworb.ch\/index.php?rest_route=\/wp\/v2\/pages\/256\/revisions\/749"}],"wp:attachment":[{"href":"https:\/\/familieundbildungworb.ch\/index.php?rest_route=%2Fwp%2Fv2%2Fmedia&parent=256"}],"curies":[{"name":"wp","href":"https:\/\/api.w.org\/{rel}","templated":true}]}}