{"id":294,"date":"2025-09-27T15:39:29","date_gmt":"2025-09-27T15:39:29","guid":{"rendered":"https:\/\/familieundbildungworb.ch\/?page_id=294"},"modified":"2025-10-18T19:01:36","modified_gmt":"2025-10-18T19:01:36","slug":"daphnee-2","status":"publish","type":"page","link":"https:\/\/familieundbildungworb.ch\/?page_id=294","title":{"rendered":"Daphn\u00e9e"},"content":{"rendered":"<p>[et_pb_section fb_built=&#8220;1&#8243; specialty=&#8220;on&#8220; padding_top_1=&#8220;110px&#8220; padding_top_bottom_link_1=&#8220;false&#8220; padding_1_tablet=&#8220;|||&#8220; padding_1_last_edited=&#8220;off|desktop&#8220; admin_label=&#8220;Header&#8220; _builder_version=&#8220;4.27.4&#8243; background_enable_image=&#8220;off&#8220; background_size=&#8220;initial&#8220; background_position=&#8220;top_left&#8220; custom_margin=&#8220;-30px||||false|false&#8220; custom_padding=&#8220;100px|0px|54px|0px|false|false&#8220; global_colors_info=&#8220;{}&#8220;][et_pb_column type=&#8220;1_2&#8243; _builder_version=&#8220;4.16&#8243; custom_padding=&#8220;|||&#8220; global_colors_info=&#8220;{}&#8220; custom_padding__hover=&#8220;|||&#8220;][et_pb_text _builder_version=&#8220;4.27.4&#8243; text_font=&#8220;Verdana||||||||&#8220; text_font_size=&#8220;16px&#8220; text_line_height=&#8220;2em&#8220; header_font=&#8220;Playfair Display SC||||||||&#8220; header_font_size=&#8220;50px&#8220; header_line_height=&#8220;1.5em&#8220; header_2_font=&#8220;Verdana||||||||&#8220; header_2_font_size=&#8220;24px&#8220; header_2_line_height=&#8220;1.3em&#8220; header_6_font=&#8220;||||||||&#8220; max_width_last_edited=&#8220;off|desktop&#8220; module_alignment=&#8220;center&#8220; custom_margin=&#8220;-100px||80px||false|false&#8220; custom_padding=&#8220;|||&#8220; text_font_size_tablet=&#8220;&#8220; text_font_size_phone=&#8220;14px&#8220; text_font_size_last_edited=&#8220;on|desktop&#8220; header_font_size_tablet=&#8220;50px&#8220; header_font_size_phone=&#8220;32px&#8220; header_font_size_last_edited=&#8220;on|phone&#8220; header_2_font_size_tablet=&#8220;&#8220; header_2_font_size_phone=&#8220;20px&#8220; header_2_font_size_last_edited=&#8220;on|desktop&#8220; locked=&#8220;off&#8220; global_colors_info=&#8220;{}&#8220;]<\/p>\n<h1><\/h1>\n<h1><\/h1>\n<h1><\/h1>\n<h1><\/h1>\n<h1><\/h1>\n<h1><\/h1>\n<h1><\/h1>\n<h1>Daphn\u00e9e B\u00fcchler-Hahnloser<\/h1>\n<h2><span data-olk-copy-source=\"MessageBody\">Kleinkindererzieherin\u00a0<\/span><\/h2>\n<p>&nbsp;<\/p>\n<p>Bachelor in Modern and Contemporary Art<\/p>\n<p class=\"x_MsoNormal\">Bachelor in Fine and Decorative Art<\/p>\n<p>&nbsp;<\/p>\n<p>[\/et_pb_text][\/et_pb_column][et_pb_column type=&#8220;1_2&#8243; specialty_columns=&#8220;2&#8243; _builder_version=&#8220;4.16&#8243; custom_padding=&#8220;|||&#8220; global_colors_info=&#8220;{}&#8220; custom_padding__hover=&#8220;|||&#8220;][et_pb_row_inner _builder_version=&#8220;4.16&#8243; custom_margin_tablet=&#8220;100px|||&#8220; custom_margin_phone=&#8220;&#8220; custom_margin_last_edited=&#8220;on|phone&#8220; custom_padding=&#8220;0|0px|0|0px|true|false&#8220; box_shadow_style=&#8220;preset4&#8243; box_shadow_horizontal=&#8220;260px&#8220; box_shadow_vertical=&#8220;-100px&#8220; box_shadow_color=&#8220;#e4edea&#8220; global_colors_info=&#8220;{}&#8220;][et_pb_column_inner saved_specialty_column_type=&#8220;1_2&#8243; _builder_version=&#8220;4.16&#8243; custom_padding=&#8220;|||&#8220; global_colors_info=&#8220;{}&#8220; custom_padding__hover=&#8220;|||&#8220;][et_pb_image src=&#8220;https:\/\/familieundbildungworb.ch\/wp-content\/uploads\/2025\/10\/image001-scaled-e1760813911467.jpg&#8220; title_text=&#8220;image001&#8243; align_tablet=&#8220;center&#8220; align_phone=&#8220;center&#8220; align_last_edited=&#8220;on|desktop&#8220; _builder_version=&#8220;4.27.4&#8243; animation_style=&#8220;zoom&#8220; animation_intensity_zoom=&#8220;5%&#8220; hover_enabled=&#8220;0&#8243; border_width_all=&#8220;24px&#8220; border_color_all=&#8220;#ffffff&#8220; box_shadow_style=&#8220;preset3&#8243; box_shadow_vertical=&#8220;70px&#8220; box_shadow_blur=&#8220;150px&#8220; box_shadow_color=&#8220;rgba(0,0,0,0.2)&#8220; locked=&#8220;off&#8220; global_colors_info=&#8220;{}&#8220; sticky_enabled=&#8220;0&#8243;][\/et_pb_image][\/et_pb_column_inner][\/et_pb_row_inner][\/et_pb_column][\/et_pb_section][et_pb_section fb_built=&#8220;1&#8243; _builder_version=&#8220;4.27.4&#8243; _module_preset=&#8220;default&#8220; min_height=&#8220;622.8px&#8220; custom_margin=&#8220;-123px||||false|false&#8220; global_colors_info=&#8220;{}&#8220;][et_pb_row use_custom_gutter=&#8220;on&#8220; gutter_width=&#8220;2&#8243; _builder_version=&#8220;4.16&#8243; global_colors_info=&#8220;{}&#8220;][et_pb_column type=&#8220;4_4&#8243; _builder_version=&#8220;4.16&#8243; custom_padding=&#8220;|||&#8220; global_colors_info=&#8220;{}&#8220; custom_padding__hover=&#8220;|||&#8220;][et_pb_team_member icon_color=&#8220;#44d89e&#8220; _builder_version=&#8220;4.27.4&#8243; header_font=&#8220;Poppins|500|||||||&#8220; header_text_color=&#8220;#486066&#8243; header_font_size=&#8220;18px&#8220; body_font=&#8220;Verdana||||||||&#8220; body_text_color=&#8220;#000000&#8243; body_font_size=&#8220;16px&#8220; body_line_height=&#8220;1.8em&#8220; background_color=&#8220;#f9f9f9&#8243; text_orientation=&#8220;center&#8220; custom_margin=&#8220;-30px||||false|false&#8220; custom_padding=&#8220;30px|30px|30px|30px&#8220; animation_style=&#8220;fade&#8220; animation_delay=&#8220;100ms&#8220; border_radii=&#8220;on|6px|6px|6px|6px&#8220; border_width_all=&#8220;20px&#8220; border_color_all=&#8220;#FFFFFF&#8220; box_shadow_style=&#8220;preset1&#8243; box_shadow_vertical=&#8220;10px&#8220; box_shadow_blur=&#8220;24px&#8220; box_shadow_spread=&#8220;6px&#8220; box_shadow_color=&#8220;rgba(0,0,0,0.06)&#8220; icon_hover_color=&#8220;#353740&#8243; global_colors_info=&#8220;{}&#8220; icon_color__hover=&#8220;#353740&#8243; icon_color__hover_enabled=&#8220;on&#8220;]<\/p>\n<p style=\"text-align: left;\">Sie ist Kleinkindererzieherin und arbeitete in diversen Kindertagesst\u00e4tten und hat verschiedene Weiterbildungen im Bereich Fr\u00fche F\u00f6rderung. Sie absolvierte zudem den Bachelor in Modern and Contemporary Art sowie den Bachelor in Fine and Decorative Art in London. Sie arbeitete in diversen Galerien und als Kunstvermittlerin an Museen.<br \/>Seit mehreren Jahren arbeitet sie auch als Kursleiterin f\u00fcr gestalterische Angebote mit Kindern, Familien und Erwachsenen. Neben ihrer Erfahrung in der Kunstp\u00e4dagogik und kulturellen Bildung bringt sie vertiefte Kenntnisse im interkulturellen Kontext mit. In ihrem aktuellen Workshopprogramm leitet sie kreative Kurse mit bildnerischen, druckgrafischen und thematischen Schwerpunkten. Dabei ist ihr wichtig, kreative Prozesse mit p\u00e4dagogischer Achtsamkeit zu verbinden. Sie f\u00f6rdert bewusst das gemeinsame Erleben von Eltern und Kindern, leitet verst\u00e4ndlich an und schafft eine wertsch\u00e4tzende Atmosph\u00e4re. Sie hat l\u00e4ngere Zeit im Ausland studiert und gelebt.<\/p>\n<p>[\/et_pb_team_member][\/et_pb_column][\/et_pb_row][\/et_pb_section]<\/p>\n","protected":false},"excerpt":{"rendered":"<p>Daphn\u00e9e B\u00fcchler-Hahnloser Kleinkindererzieherin\u00a0 &nbsp; Bachelor in Modern and Contemporary Art Bachelor in Fine and Decorative Art &nbsp;Sie ist Kleinkindererzieherin und arbeitete in diversen Kindertagesst\u00e4tten und hat verschiedene Weiterbildungen im Bereich Fr\u00fche F\u00f6rderung. Sie absolvierte zudem den Bachelor in Modern and Contemporary Art sowie den Bachelor in Fine and Decorative Art in London. Sie arbeitete in [&hellip;]<\/p>\n","protected":false},"author":2,"featured_media":0,"parent":0,"menu_order":0,"comment_status":"closed","ping_status":"closed","template":"","meta":{"_et_pb_use_builder":"on","_et_pb_old_content":"<!-- wp:divi\/placeholder \/-->","_et_gb_content_width":"","footnotes":""},"class_list":["post-294","page","type-page","status-publish","hentry"],"_links":{"self":[{"href":"https:\/\/familieundbildungworb.ch\/index.php?rest_route=\/wp\/v2\/pages\/294","targetHints":{"allow":["GET"]}}],"collection":[{"href":"https:\/\/familieundbildungworb.ch\/index.php?rest_route=\/wp\/v2\/pages"}],"about":[{"href":"https:\/\/familieundbildungworb.ch\/index.php?rest_route=\/wp\/v2\/types\/page"}],"author":[{"embeddable":true,"href":"https:\/\/familieundbildungworb.ch\/index.php?rest_route=\/wp\/v2\/users\/2"}],"replies":[{"embeddable":true,"href":"https:\/\/familieundbildungworb.ch\/index.php?rest_route=%2Fwp%2Fv2%2Fcomments&post=294"}],"version-history":[{"count":5,"href":"https:\/\/familieundbildungworb.ch\/index.php?rest_route=\/wp\/v2\/pages\/294\/revisions"}],"predecessor-version":[{"id":597,"href":"https:\/\/familieundbildungworb.ch\/index.php?rest_route=\/wp\/v2\/pages\/294\/revisions\/597"}],"wp:attachment":[{"href":"https:\/\/familieundbildungworb.ch\/index.php?rest_route=%2Fwp%2Fv2%2Fmedia&parent=294"}],"curies":[{"name":"wp","href":"https:\/\/api.w.org\/{rel}","templated":true}]}}