{"id":370,"date":"2025-10-01T10:30:19","date_gmt":"2025-10-01T10:30:19","guid":{"rendered":"https:\/\/familieundbildungworb.ch\/?page_id=370"},"modified":"2025-10-01T10:36:22","modified_gmt":"2025-10-01T10:36:22","slug":"machen-sie-mit","status":"publish","type":"page","link":"https:\/\/familieundbildungworb.ch\/?page_id=370","title":{"rendered":"Machen Sie mit"},"content":{"rendered":"<p>[et_pb_section fb_built=&#8220;1&#8243; theme_builder_area=&#8220;post_content&#8220; _builder_version=&#8220;4.27.4&#8243; _module_preset=&#8220;default&#8220;][et_pb_row _builder_version=&#8220;4.27.4&#8243; _module_preset=&#8220;default&#8220; theme_builder_area=&#8220;post_content&#8220;][et_pb_column _builder_version=&#8220;4.27.4&#8243; _module_preset=&#8220;default&#8220; type=&#8220;4_4&#8243; theme_builder_area=&#8220;post_content&#8220;][et_pb_text _builder_version=&#8220;4.27.4&#8243; _module_preset=&#8220;default&#8220; theme_builder_area=&#8220;post_content&#8220; hover_enabled=&#8220;0&#8243; sticky_enabled=&#8220;0&#8243; text_font=&#8220;Verdana||||||||&#8220; text_font_size=&#8220;42px&#8220;]<\/p>\n<p style=\"text-align: center;\">Machen Sie mit<\/p>\n<p>[\/et_pb_text][\/et_pb_column][\/et_pb_row][\/et_pb_section][et_pb_section fb_built=&#8220;1&#8243; admin_label=&#8220;Packages&#8220; module_class=&#8220; et_pb_specialty_fullwidth&#8220; _builder_version=&#8220;4.27.4&#8243; background_color=&#8220;#f2f4f3&#8243; max_width=&#8220;1080px&#8220; module_alignment=&#8220;center&#8220; inner_width_tablet=&#8220;80%&#8220; inner_width_phone=&#8220;80%&#8220; inner_width_last_edited=&#8220;on|desktop&#8220; inner_max_width_tablet=&#8220;80%&#8220; inner_max_width_phone=&#8220;80%&#8220; inner_max_width_last_edited=&#8220;on|desktop&#8220; custom_margin=&#8220;-28px|10%|50px|10%|false|true&#8220; custom_padding=&#8220;||7px||false|false&#8220; animation_style=&#8220;zoom&#8220; animation_intensity_zoom=&#8220;5%&#8220; hover_enabled=&#8220;0&#8243; border_width_all=&#8220;20px&#8220; border_color_all=&#8220;#ffffff&#8220; box_shadow_style=&#8220;preset3&#8243; box_shadow_vertical=&#8220;70px&#8220; box_shadow_blur=&#8220;150px&#8220; box_shadow_color=&#8220;rgba(0,0,0,0.2)&#8220; make_fullwidth=&#8220;on&#8220; global_colors_info=&#8220;{}&#8220; theme_builder_area=&#8220;post_content&#8220; sticky_enabled=&#8220;0&#8243;][et_pb_row _builder_version=&#8220;4.27.4&#8243; width=&#8220;90%&#8220; max_width=&#8220;90%&#8220; custom_margin=&#8220;-50px||||false|false&#8220; use_custom_width=&#8220;on&#8220; width_unit=&#8220;off&#8220; custom_width_percent=&#8220;90%&#8220; locked=&#8220;off&#8220; global_colors_info=&#8220;{}&#8220; theme_builder_area=&#8220;post_content&#8220;][et_pb_column type=&#8220;4_4&#8243; _builder_version=&#8220;4.16&#8243; custom_padding=&#8220;|||&#8220; global_colors_info=&#8220;{}&#8220; custom_padding__hover=&#8220;|||&#8220; theme_builder_area=&#8220;post_content&#8220;][et_pb_text _builder_version=&#8220;4.27.4&#8243; text_font=&#8220;Verdana||||||||&#8220; text_font_size=&#8220;18px&#8220; header_font=&#8220;||||||||&#8220; header_4_font=&#8220;Playfair Display SC||||||||&#8220; header_4_font_size=&#8220;22px&#8220; header_4_line_height=&#8220;1.5em&#8220; header_5_font=&#8220;|600|||||||&#8220; header_5_font_size=&#8220;14px&#8220; header_5_line_height=&#8220;1.4em&#8220; header_4_font_size_tablet=&#8220;&#8220; header_4_font_size_phone=&#8220;&#8220; header_4_font_size_last_edited=&#8220;on|phone&#8220; inline_fonts=&#8220;Montserrat&#8220; global_colors_info=&#8220;{}&#8220; theme_builder_area=&#8220;post_content&#8220;]<\/p>\n<p>&nbsp;<\/p>\n<p style=\"text-align: center;\"><strong>Machen Sie mit als Freiwillige\/r<\/strong><\/p>\n<p style=\"text-align: center;\">Die meisten Angebote und Aktivit\u00e4ten sind nur dank Freiwilligenarbeit m\u00f6glich.<\/p>\n<p>&nbsp;<\/p>\n<p style=\"text-align: center;\">Haben Sie Interesse uns als <strong>Freiwillige <\/strong>zu unterst\u00fctzen?<\/p>\n<p style=\"text-align: left;\">Zum Beispiel als<\/p>\n<ul>\n<li>MitSpielplatz-Patin\/Pate<\/li>\n<li>Begleiterin bei Institutionsbesuchen<\/li>\n<li>Unterst\u00fctzung bei der Werbung<\/li>\n<li>Mitglied im Vorstand<\/li>\n<li>Ideenbringerin und Angebotskreierer<\/li>\n<li>Und vieles mehr<\/li>\n<\/ul>\n<p>.<\/p>\n<p>[\/et_pb_text][\/et_pb_column][\/et_pb_row][\/et_pb_section]<\/p>\n","protected":false},"excerpt":{"rendered":"<p>Machen Sie mit&nbsp; Machen Sie mit als Freiwillige\/r Die meisten Angebote und Aktivit\u00e4ten sind nur dank Freiwilligenarbeit m\u00f6glich. &nbsp; Haben Sie Interesse uns als Freiwillige zu unterst\u00fctzen? Zum Beispiel als MitSpielplatz-Patin\/Pate Begleiterin bei Institutionsbesuchen Unterst\u00fctzung bei der Werbung Mitglied im Vorstand Ideenbringerin und Angebotskreierer Und vieles mehr .<\/p>\n","protected":false},"author":2,"featured_media":0,"parent":0,"menu_order":0,"comment_status":"closed","ping_status":"closed","template":"","meta":{"_et_pb_use_builder":"on","_et_pb_old_content":"<!-- wp:divi\/placeholder \/-->","_et_gb_content_width":"","footnotes":""},"class_list":["post-370","page","type-page","status-publish","hentry"],"_links":{"self":[{"href":"https:\/\/familieundbildungworb.ch\/index.php?rest_route=\/wp\/v2\/pages\/370","targetHints":{"allow":["GET"]}}],"collection":[{"href":"https:\/\/familieundbildungworb.ch\/index.php?rest_route=\/wp\/v2\/pages"}],"about":[{"href":"https:\/\/familieundbildungworb.ch\/index.php?rest_route=\/wp\/v2\/types\/page"}],"author":[{"embeddable":true,"href":"https:\/\/familieundbildungworb.ch\/index.php?rest_route=\/wp\/v2\/users\/2"}],"replies":[{"embeddable":true,"href":"https:\/\/familieundbildungworb.ch\/index.php?rest_route=%2Fwp%2Fv2%2Fcomments&post=370"}],"version-history":[{"count":3,"href":"https:\/\/familieundbildungworb.ch\/index.php?rest_route=\/wp\/v2\/pages\/370\/revisions"}],"predecessor-version":[{"id":373,"href":"https:\/\/familieundbildungworb.ch\/index.php?rest_route=\/wp\/v2\/pages\/370\/revisions\/373"}],"wp:attachment":[{"href":"https:\/\/familieundbildungworb.ch\/index.php?rest_route=%2Fwp%2Fv2%2Fmedia&parent=370"}],"curies":[{"name":"wp","href":"https:\/\/api.w.org\/{rel}","templated":true}]}}