{"id":463,"date":"2025-10-05T08:19:14","date_gmt":"2025-10-05T08:19:14","guid":{"rendered":"https:\/\/familieundbildungworb.ch\/?page_id=463"},"modified":"2025-10-05T19:38:18","modified_gmt":"2025-10-05T19:38:18","slug":"vorstand","status":"publish","type":"page","link":"https:\/\/familieundbildungworb.ch\/?page_id=463","title":{"rendered":"Vorstand"},"content":{"rendered":"<p>[et_pb_section fb_built=&#8220;1&#8243; _builder_version=&#8220;4.27.4&#8243; _module_preset=&#8220;default&#8220; global_colors_info=&#8220;{}&#8220;][et_pb_row _builder_version=&#8220;4.27.4&#8243; _module_preset=&#8220;default&#8220; global_colors_info=&#8220;{}&#8220;][et_pb_column type=&#8220;4_4&#8243; _builder_version=&#8220;4.27.4&#8243; _module_preset=&#8220;default&#8220; global_colors_info=&#8220;{}&#8220;][et_pb_text _builder_version=&#8220;4.27.4&#8243; _module_preset=&#8220;default&#8220; text_font=&#8220;Verdana||||||||&#8220; text_font_size=&#8220;40px&#8220; text_letter_spacing=&#8220;2px&#8220; global_colors_info=&#8220;{}&#8220;]<\/p>\n<p style=\"text-align: center;\">Vorstand<\/p>\n<p>[\/et_pb_text][\/et_pb_column][\/et_pb_row][\/et_pb_section][et_pb_section fb_built=&#8220;1&#8243; admin_label=&#8220;Packages&#8220; module_class=&#8220; et_pb_specialty_fullwidth&#8220; _builder_version=&#8220;4.27.4&#8243; background_color=&#8220;#f2f4f3&#8243; max_width=&#8220;1080px&#8220; module_alignment=&#8220;center&#8220; inner_width_tablet=&#8220;80%&#8220; inner_width_phone=&#8220;80%&#8220; inner_width_last_edited=&#8220;on|desktop&#8220; inner_max_width_tablet=&#8220;80%&#8220; inner_max_width_phone=&#8220;80%&#8220; inner_max_width_last_edited=&#8220;on|desktop&#8220; custom_margin=&#8220;-30px|10%|50px|10%|false|true&#8220; custom_padding=&#8220;||7px||false|false&#8220; animation_style=&#8220;zoom&#8220; animation_intensity_zoom=&#8220;5%&#8220; border_width_all=&#8220;20px&#8220; border_color_all=&#8220;#ffffff&#8220; box_shadow_style=&#8220;preset3&#8243; box_shadow_vertical=&#8220;70px&#8220; box_shadow_blur=&#8220;150px&#8220; box_shadow_color=&#8220;rgba(0,0,0,0.2)&#8220; make_fullwidth=&#8220;on&#8220; global_colors_info=&#8220;{}&#8220;][et_pb_row _builder_version=&#8220;4.16&#8243; width=&#8220;90%&#8220; max_width=&#8220;90%&#8220; custom_margin=&#8220;-50px||||false|false&#8220; use_custom_width=&#8220;on&#8220; width_unit=&#8220;off&#8220; custom_width_percent=&#8220;90%&#8220; locked=&#8220;off&#8220; global_colors_info=&#8220;{}&#8220;][et_pb_column type=&#8220;4_4&#8243; _builder_version=&#8220;4.16&#8243; custom_padding=&#8220;|||&#8220; global_colors_info=&#8220;{}&#8220; custom_padding__hover=&#8220;|||&#8220;][et_pb_text _builder_version=&#8220;4.27.4&#8243; text_font=&#8220;Montserrat||||||||&#8220; text_font_size=&#8220;18px&#8220; header_font=&#8220;||||||||&#8220; header_4_font=&#8220;Playfair Display SC||||||||&#8220; header_4_font_size=&#8220;22px&#8220; header_4_line_height=&#8220;1.5em&#8220; header_5_font=&#8220;|600|||||||&#8220; header_5_font_size=&#8220;14px&#8220; header_5_line_height=&#8220;1.4em&#8220; hover_enabled=&#8220;0&#8243; header_4_font_size_tablet=&#8220;&#8220; header_4_font_size_phone=&#8220;&#8220; header_4_font_size_last_edited=&#8220;on|phone&#8220; inline_fonts=&#8220;Montserrat&#8220; global_colors_info=&#8220;{}&#8220; sticky_enabled=&#8220;0&#8243;]<\/p>\n<p><strong>\u015eeng\u00fcl Ata\u00e7, Pr\u00e4sidentin<\/strong><\/p>\n<p><a href=\"mailto:Sengul.atac@familieundbildungworb.ch\">sengul.atac@familieundbildungworb.ch<\/a><\/p>\n<p style=\"text-align: left;\"><strong>Heidi Mosimann, Kassierin<\/strong><\/p>\n<p style=\"text-align: left;\"><a href=\"mailto:heidi.mosimann@familieundbildungworb.ch\">heidi.mosimann@familieundbildungworb.ch<\/a><\/p>\n<p><strong>H\u00fcseyin Ata\u00e7, Sekret\u00e4r<\/strong><\/p>\n<p><a href=\"mailto:Huseyin.atac@familieundbildungworb.ch\">huseyin.atac@familieundbildungworb.ch<\/a><\/p>\n<p>&nbsp;<\/p>\n<p>.<\/p>\n<p>[\/et_pb_text][\/et_pb_column][\/et_pb_row][\/et_pb_section]<\/p>\n","protected":false},"excerpt":{"rendered":"<p>Vorstand\u015eeng\u00fcl Ata\u00e7, Pr\u00e4sidentin sengul.atac@familieundbildungworb.ch Heidi Mosimann, Kassierin heidi.mosimann@familieundbildungworb.ch H\u00fcseyin Ata\u00e7, Sekret\u00e4r huseyin.atac@familieundbildungworb.ch &nbsp; .<\/p>\n","protected":false},"author":2,"featured_media":0,"parent":0,"menu_order":0,"comment_status":"closed","ping_status":"closed","template":"","meta":{"_et_pb_use_builder":"on","_et_pb_old_content":"<!-- wp:divi\/placeholder \/-->","_et_gb_content_width":"","footnotes":""},"class_list":["post-463","page","type-page","status-publish","hentry"],"_links":{"self":[{"href":"https:\/\/familieundbildungworb.ch\/index.php?rest_route=\/wp\/v2\/pages\/463","targetHints":{"allow":["GET"]}}],"collection":[{"href":"https:\/\/familieundbildungworb.ch\/index.php?rest_route=\/wp\/v2\/pages"}],"about":[{"href":"https:\/\/familieundbildungworb.ch\/index.php?rest_route=\/wp\/v2\/types\/page"}],"author":[{"embeddable":true,"href":"https:\/\/familieundbildungworb.ch\/index.php?rest_route=\/wp\/v2\/users\/2"}],"replies":[{"embeddable":true,"href":"https:\/\/familieundbildungworb.ch\/index.php?rest_route=%2Fwp%2Fv2%2Fcomments&post=463"}],"version-history":[{"count":9,"href":"https:\/\/familieundbildungworb.ch\/index.php?rest_route=\/wp\/v2\/pages\/463\/revisions"}],"predecessor-version":[{"id":552,"href":"https:\/\/familieundbildungworb.ch\/index.php?rest_route=\/wp\/v2\/pages\/463\/revisions\/552"}],"wp:attachment":[{"href":"https:\/\/familieundbildungworb.ch\/index.php?rest_route=%2Fwp%2Fv2%2Fmedia&parent=463"}],"curies":[{"name":"wp","href":"https:\/\/api.w.org\/{rel}","templated":true}]}}