{"id":485,"date":"2025-10-05T10:02:38","date_gmt":"2025-10-05T10:02:38","guid":{"rendered":"https:\/\/familieundbildungworb.ch\/?page_id=485"},"modified":"2026-02-08T22:02:15","modified_gmt":"2026-02-08T22:02:15","slug":"ueber-uns-2","status":"publish","type":"page","link":"https:\/\/familieundbildungworb.ch\/?page_id=485","title":{"rendered":"\u00dcber uns"},"content":{"rendered":"<p>[et_pb_section fb_built=&#8220;1&#8243; _builder_version=&#8220;4.27.4&#8243; _module_preset=&#8220;default&#8220; global_colors_info=&#8220;{}&#8220;][et_pb_row _builder_version=&#8220;4.27.4&#8243; _module_preset=&#8220;default&#8220; custom_margin=&#8220;-30px||20px||false|false&#8220; custom_padding=&#8220;0px||||false|false&#8220; global_colors_info=&#8220;{}&#8220;][et_pb_column type=&#8220;4_4&#8243; _builder_version=&#8220;4.27.4&#8243; _module_preset=&#8220;default&#8220; global_colors_info=&#8220;{}&#8220;][et_pb_text _builder_version=&#8220;4.27.4&#8243; _module_preset=&#8220;default&#8220; text_font=&#8220;Verdana||||||||&#8220; text_font_size=&#8220;40px&#8220; global_colors_info=&#8220;{}&#8220;]<\/p>\n<p style=\"text-align: center;\">\n<p style=\"text-align: center;\">\u00dcber Uns<\/p>\n<p>[\/et_pb_text][et_pb_text _builder_version=&#8220;4.27.4&#8243; _module_preset=&#8220;default&#8220; global_colors_info=&#8220;{}&#8220;][\/et_pb_text][\/et_pb_column][\/et_pb_row][\/et_pb_section][et_pb_section fb_built=&#8220;1&#8243; admin_label=&#8220;Packages&#8220; module_class=&#8220; et_pb_specialty_fullwidth&#8220; _builder_version=&#8220;4.27.4&#8243; background_color=&#8220;#f2f4f3&#8243; max_width=&#8220;1104px&#8220; module_alignment=&#8220;center&#8220; inner_width_tablet=&#8220;80%&#8220; inner_width_phone=&#8220;80%&#8220; inner_width_last_edited=&#8220;on|desktop&#8220; inner_max_width_tablet=&#8220;80%&#8220; inner_max_width_phone=&#8220;80%&#8220; inner_max_width_last_edited=&#8220;on|desktop&#8220; custom_margin=&#8220;-100px|10%|50px|10%|false|true&#8220; custom_padding=&#8220;||7px||false|false&#8220; animation_style=&#8220;zoom&#8220; animation_intensity_zoom=&#8220;5%&#8220; border_width_all=&#8220;20px&#8220; border_color_all=&#8220;#ffffff&#8220; box_shadow_style=&#8220;preset3&#8243; box_shadow_vertical=&#8220;70px&#8220; box_shadow_blur=&#8220;150px&#8220; box_shadow_color=&#8220;rgba(0,0,0,0.2)&#8220; make_fullwidth=&#8220;on&#8220; global_colors_info=&#8220;{}&#8220;][et_pb_row _builder_version=&#8220;4.16&#8243; width=&#8220;90%&#8220; max_width=&#8220;90%&#8220; custom_margin=&#8220;-50px||||false|false&#8220; use_custom_width=&#8220;on&#8220; width_unit=&#8220;off&#8220; custom_width_percent=&#8220;90%&#8220; locked=&#8220;off&#8220; global_colors_info=&#8220;{}&#8220;][et_pb_column type=&#8220;4_4&#8243; _builder_version=&#8220;4.16&#8243; custom_padding=&#8220;|||&#8220; global_colors_info=&#8220;{}&#8220; custom_padding__hover=&#8220;|||&#8220;][et_pb_text _builder_version=&#8220;4.27.4&#8243; text_font=&#8220;Verdana||||||||&#8220; text_font_size=&#8220;18px&#8220; header_font=&#8220;||||||||&#8220; header_4_font=&#8220;Playfair Display SC||||||||&#8220; header_4_font_size=&#8220;22px&#8220; header_4_line_height=&#8220;1.5em&#8220; header_5_font=&#8220;|600|||||||&#8220; header_5_font_size=&#8220;14px&#8220; header_5_line_height=&#8220;1.4em&#8220; header_4_font_size_tablet=&#8220;&#8220; header_4_font_size_phone=&#8220;&#8220; header_4_font_size_last_edited=&#8220;on|phone&#8220; inline_fonts=&#8220;Montserrat&#8220; global_colors_info=&#8220;{}&#8220;]<\/p>\n<p style=\"text-align: center;\">Abkl\u00e4rungen in Worb zeigten, dass es ein sehr breites Angebot f\u00fcr (mobile) Senior:innen, ein verh\u00e4ltnism\u00e4ssig intaktes Vereinsleben (Frauenverein, Fussballklub, Turnverein, Musikschule, Kino etc.) sowie eine sozial aktive reformierte Kirche gibt. Wenig Angebot gibt es f\u00fcr Eltern, sei es im Bereich Weiterbildung oder Begegnungsm\u00f6glichkeiten. Es gibt keine Anlaufstelle und auch kaum (Bildungs-)Angebote f\u00fcr Eltern. Das Spielplatzangebot und die Begegnungsm\u00f6glichkeiten sind v.a. im Dorfkern Worb eher beschr\u00e4nkt. Es gibt keine Organisation in Worb, welcher ihren Schwerpunkt im Bereich Elternbildung und Fr\u00fchf\u00f6rderung legt.<\/p>\n<p style=\"text-align: center;\">\u00a0Das fehlende Angebot sowie das grosse Interesse und vorhandene Fachwissen bewog die Initiantinnen, \u015eeng\u00fcl Ata\u00e7 und Heidi Mosimann den Verein Familie und Bildung Worb, FaBiWorb mit Schwerpunkt Elternbildung und Fr\u00fchf\u00f6rderung zu gr\u00fcnden.<\/p>\n<p style=\"text-align: center;\"><span style=\"font-family: Montserrat; font-weight: normal;\">\u00a0<\/span><\/p>\n<p>[\/et_pb_text][\/et_pb_column][\/et_pb_row][et_pb_row column_structure=&#8220;1_2,1_2&#8243; _builder_version=&#8220;4.27.4&#8243; _module_preset=&#8220;default&#8220; custom_margin=&#8220;-40px||||false|false&#8220; global_colors_info=&#8220;{}&#8220;][et_pb_column type=&#8220;1_2&#8243; _builder_version=&#8220;4.27.4&#8243; _module_preset=&#8220;default&#8220; global_colors_info=&#8220;{}&#8220;][et_pb_text _builder_version=&#8220;4.27.5&#8243; _module_preset=&#8220;default&#8220; text_font=&#8220;Verdana||||||||&#8220; text_font_size=&#8220;28px&#8220; link_option_url=&#8220;https:\/\/familieundbildungworb.ch\/wp-content\/uploads\/2025\/10\/Statuten-Gruendung-Maerz-2025.pdf&#8220; link_option_url_new_window=&#8220;on&#8220; border_radii=&#8220;on|10px|10px|10px|10px&#8220; border_width_all=&#8220;1px&#8220; global_colors_info=&#8220;{}&#8220;]<\/p>\n<p>&nbsp;<\/p>\n<p style=\"text-align: center;\">Statuten PDF<\/p>\n<p>&nbsp;<\/p>\n<p>[\/et_pb_text][et_pb_text _builder_version=&#8220;4.27.5&#8243; _module_preset=&#8220;default&#8220; text_font=&#8220;Verdana||||||||&#8220; text_font_size=&#8220;28px&#8220; link_option_url=&#8220;https:\/\/worberpost.ch\/worber-vereine-ein-sicherer-hafen-fuer-familien-in-worb\/&#8220; link_option_url_new_window=&#8220;on&#8220; border_radii=&#8220;on|10px|10px|10px|10px&#8220; border_width_all=&#8220;1px&#8220; global_colors_info=&#8220;{}&#8220;]<\/p>\n<p>&nbsp;<\/p>\n<p><img loading=\"lazy\" decoding=\"async\" src=\"https:\/\/familieundbildungworb.ch\/wp-content\/uploads\/2025\/12\/WorberPost-300x141.png\" width=\"245\" height=\"115\" alt=\"\" class=\"wp-image-735 alignnone size-medium\" style=\"display: block; margin-left: auto; margin-right: auto;\" \/>\u00a0<\/p>\n<p>&nbsp;<\/p>\n<p>[\/et_pb_text][\/et_pb_column][et_pb_column type=&#8220;1_2&#8243; _builder_version=&#8220;4.27.4&#8243; _module_preset=&#8220;default&#8220; global_colors_info=&#8220;{}&#8220;][et_pb_text _builder_version=&#8220;4.27.5&#8243; _module_preset=&#8220;default&#8220; text_font=&#8220;Verdana||||||||&#8220; text_font_size=&#8220;28px&#8220; min_height=&#8220;131.2px&#8220; link_option_url=&#8220;https:\/\/familieundbildungworb.ch\/wp-content\/uploads\/2026\/02\/Flyer-1-Seite-2.2.26.pdf&#8220; link_option_url_new_window=&#8220;on&#8220; border_radii=&#8220;on|10px|10px|10px|10px&#8220; border_width_all=&#8220;1px&#8220; global_colors_info=&#8220;{}&#8220;]<\/p>\n<p>&nbsp;<\/p>\n<p style=\"text-align: center;\">Flyer FabiWorb<\/p>\n<p style=\"text-align: center;\">[\/et_pb_text][et_pb_text _builder_version=&#8220;4.27.5&#8243; _module_preset=&#8220;default&#8220; text_font=&#8220;Verdana||||||||&#8220; text_font_size=&#8220;28px&#8220; min_height=&#8220;241.2px&#8220; custom_padding=&#8220;||11px|||&#8220; link_option_url=&#8220;https:\/\/www.bern-ost.ch\/Nicht-warten-bis-es-schwierig-wird-711984&#8243; link_option_url_new_window=&#8220;on&#8220; border_radii=&#8220;on|10px|10px|10px|10px&#8220; border_width_all=&#8220;1px&#8220; global_colors_info=&#8220;{}&#8220;]<\/p>\n<p>&nbsp;<\/p>\n<p style=\"text-align: center;\"><img loading=\"lazy\" decoding=\"async\" src=\"https:\/\/familieundbildungworb.ch\/wp-content\/uploads\/2026\/02\/images-300x95.png\" width=\"300\" height=\"95\" alt=\"\" class=\"wp-image-768 alignnone size-medium\" \/><\/p>\n<p style=\"text-align: center;\">[\/et_pb_text][\/et_pb_column][\/et_pb_row][\/et_pb_section]<\/p>\n","protected":false},"excerpt":{"rendered":"<p>\u00dcber UnsAbkl\u00e4rungen in Worb zeigten, dass es ein sehr breites Angebot f\u00fcr (mobile) Senior:innen, ein verh\u00e4ltnism\u00e4ssig intaktes Vereinsleben (Frauenverein, Fussballklub, Turnverein, Musikschule, Kino etc.) sowie eine sozial aktive reformierte Kirche gibt. Wenig Angebot gibt es f\u00fcr Eltern, sei es im Bereich Weiterbildung oder Begegnungsm\u00f6glichkeiten. Es gibt keine Anlaufstelle und auch kaum (Bildungs-)Angebote f\u00fcr Eltern. Das [&hellip;]<\/p>\n","protected":false},"author":2,"featured_media":0,"parent":0,"menu_order":0,"comment_status":"closed","ping_status":"closed","template":"","meta":{"_et_pb_use_builder":"on","_et_pb_old_content":"<!-- wp:divi\/placeholder \/-->","_et_gb_content_width":"","footnotes":""},"class_list":["post-485","page","type-page","status-publish","hentry"],"_links":{"self":[{"href":"https:\/\/familieundbildungworb.ch\/index.php?rest_route=\/wp\/v2\/pages\/485","targetHints":{"allow":["GET"]}}],"collection":[{"href":"https:\/\/familieundbildungworb.ch\/index.php?rest_route=\/wp\/v2\/pages"}],"about":[{"href":"https:\/\/familieundbildungworb.ch\/index.php?rest_route=\/wp\/v2\/types\/page"}],"author":[{"embeddable":true,"href":"https:\/\/familieundbildungworb.ch\/index.php?rest_route=\/wp\/v2\/users\/2"}],"replies":[{"embeddable":true,"href":"https:\/\/familieundbildungworb.ch\/index.php?rest_route=%2Fwp%2Fv2%2Fcomments&post=485"}],"version-history":[{"count":10,"href":"https:\/\/familieundbildungworb.ch\/index.php?rest_route=\/wp\/v2\/pages\/485\/revisions"}],"predecessor-version":[{"id":772,"href":"https:\/\/familieundbildungworb.ch\/index.php?rest_route=\/wp\/v2\/pages\/485\/revisions\/772"}],"wp:attachment":[{"href":"https:\/\/familieundbildungworb.ch\/index.php?rest_route=%2Fwp%2Fv2%2Fmedia&parent=485"}],"curies":[{"name":"wp","href":"https:\/\/api.w.org\/{rel}","templated":true}]}}